{"id":51,"date":"2019-02-27T12:23:14","date_gmt":"2019-02-27T12:23:14","guid":{"rendered":"https:\/\/colibriwp-work.colibriwp.com\/medical-clinic-ii\/?page_id=51"},"modified":"2025-12-19T17:04:26","modified_gmt":"2025-12-19T17:04:26","slug":"contacto","status":"publish","type":"page","link":"https:\/\/www.biogenetics.cl\/standard\/contacto.html","title":{"rendered":"Contacto"},"content":{"rendered":"<div data-colibri-id=\"51-c1\" class=\"style-1022 style-local-51-c1 position-relative\">\r\n  <!---->\r\n  <div data-colibri-component=\"section\" data-colibri-id=\"51-c2\" id=\"contact\" class=\"h-section h-section-global-spacing d-flex align-items-lg-center align-items-md-center align-items-center style-1023 style-local-51-c2 position-relative\">\r\n    <!---->\r\n    <!---->\r\n    <div class=\"h-section-grid-container h-section-boxed-container\">\r\n      <div data-colibri-id=\"51-c6\" class=\"h-row-container gutters-row-lg-2 gutters-row-md-2 gutters-row-2 gutters-row-v-lg-2 gutters-row-v-md-2 gutters-row-v-2 style-1466 style-local-51-c6 position-relative\">\r\n        <!---->\r\n        <div class=\"h-row justify-content-lg-center justify-content-md-center justify-content-center align-items-lg-stretch align-items-md-stretch align-items-stretch gutters-col-lg-2 gutters-col-md-2 gutters-col-2 gutters-col-v-lg-2 gutters-col-v-md-2 gutters-col-v-2\">\r\n          <!---->\r\n          <div class=\"h-column h-column-container d-flex h-col-lg-auto h-col-md-auto h-col-auto style-1467-outer style-local-51-c7-outer\">\r\n            <div data-colibri-id=\"51-c7\" class=\"d-flex h-flex-basis h-column__inner h-px-lg-2 h-px-md-2 h-px-2 v-inner-lg-2 v-inner-md-2 v-inner-2 style-1467 style-local-51-c7 position-relative\">\r\n              <!---->\r\n              <!---->\r\n              <div class=\"w-100 h-y-container h-column__content h-column__v-align flex-basis-100 align-self-lg-start align-self-md-start align-self-start\">\r\n                <!---->\r\n                <div data-colibri-id=\"51-c8\" class=\"h-text h-text-component style-2741 style-local-51-c8 position-relative h-element\">\r\n                  <!---->\r\n                  <!---->\r\n                  <div class=\"\">\r\n                    <p>BioGenetics se encuentra ubicado en&nbsp;<strong style=\"font-weight: 700;\">Av. Manquehue Sur 520, Oficina 421, 4\u00ba Piso, Las Condes,&nbsp;<\/strong>frente a Integram\u00e9dica Manquehue. Si necesita saber c\u00f3mo llegar pinche&nbsp;&nbsp;\r\n                      <a\r\n                        href=\"https:\/\/www.google.cl\/maps\/dir\/\/Av+Manquehue+520,+Las+Condes,+Regi%C3%B3n+Metropolitana\/@-33.411329,-70.5682816,17z\/data=!3m1!4b1!4m9!4m8!1m0!1m5!1m1!1s0x9662cee76f827ddf:0x6bf7d327e8a4ea73!2m2!1d-70.5660929!2d-33.4113335!3e2?hl=es\"\r\n                        rel=\"noopener\" target=\"_blank\" style=\"color: rgb(51, 122, 183); font-size: 1em; font-weight: 400; font-family: Montserrat;\" class=\"customize-unpreviewable\">AQU\u00cd<\/a>.<\/p>\r\n                  <\/div>\r\n                <\/div>\r\n                <div data-colibri-id=\"51-c9\" class=\"h-text h-text-component style-2740 style-local-51-c9 position-relative h-element\">\r\n                  <!---->\r\n                  <!---->\r\n                  <div class=\"\">\r\n                    <p>\r\n                      <a href=\"https:\/\/wa.me\/56997903777\" style=\"color: rgb(51, 122, 183); font-size: 19.2px; font-weight: 400; font-family: Montserrat;\">Nuestros horarios de atenci\u00f3n son de lunes a viernes de 08:30 a 19:00 horas y los d\u00edas s\u00e1bado de 09:30 a 13:00 horas. Ll\u00e1menos si necesita de nuestros servicios en otros horarios.<\/a>\r\n                    <\/p>\r\n                  <\/div>\r\n                <\/div>\r\n                <div data-colibri-id=\"51-c10\" class=\"h-text h-text-component style-1834 style-local-51-c10 position-relative h-element\">\r\n                  <!---->\r\n                  <!---->\r\n                  <div class=\"\">\r\n                    <p>Estamos en todo Chile<\/p>\r\n                    <p>Santiago, Concepci\u00f3n, Valpara\u00edso, Vi\u00f1a del Mar, <span style=\"font-weight: 300; font-size: 16px; font-family: Montserrat; color: rgb(64, 64, 64);\">Arica, Iquique, Antofagasta,&nbsp;Calama,&nbsp;Copiap\u00f3<\/span>, La Serena, Coquimbo,\r\n                      <span\r\n                        style=\"font-weight: 300; font-size: 16px; font-family: Montserrat; color: rgb(64, 64, 64);\">Ovalle,&nbsp;<\/span>Quilpu\u00e9, <span style=\"font-weight: 300; font-size: 16px; font-family: Montserrat; color: rgb(64, 64, 64);\">Quillota,&nbsp;Los Andes, San Felipe,&nbsp;San Antonio,&nbsp;Rancagua,&nbsp;San Fernando, Curic\u00f3,&nbsp;Talca, Linares, Chill\u00e1n,&nbsp;Los \u00c1ngeles,&nbsp;Temuco,&nbsp;Valdivia,&nbsp;Osorno,&nbsp;<\/span>Puerto\r\n                        Montt, <span style=\"font-weight: 300; font-size: 16px; font-family: Montserrat; color: rgb(64, 64, 64);\">Coyhaique,&nbsp;Ays\u00e9n,&nbsp;<\/span>Punta Arenas, Isla de Pascua.<\/p>\r\n                  <\/div>\r\n                <\/div>\r\n                <div data-colibri-id=\"51-c11\" class=\"d-block style-1029 style-local-51-c11 position-relative h-element\">\r\n                  <!---->\r\n                  <div class=\"h-image__frame-container-outer\">\r\n                    <div class=\"h-image__frame-container\">\r\n                      <!---->\r\n                      <!---->\r\n                      <img loading=\"lazy\" decoding=\"async\" width=\"150\" height=\"36\" src=\"https:\/\/colibriwp-work.colibriwp.com\/medical-clinic-ii\/wp-content\/uploads\/2019\/02\/heart-shape.png\" class=\"wp-image-150 style-1029-image style-local-51-c11-image\" alt=\"\" \/>\r\n                      <div class=\"h-image__frame h-hide-lg h-hide-md h-hide-sm style-1029-frameImage style-local-51-c11-frameImage\"><\/div>\r\n                    <\/div>\r\n                  <\/div>\r\n                <\/div>\r\n              <\/div>\r\n            <\/div>\r\n          <\/div>\r\n        <\/div>\r\n      <\/div>\r\n      <div data-colibri-id=\"51-c3\" class=\"h-row-container gutters-row-lg-2 gutters-row-md-2 gutters-row-0 gutters-row-v-lg-2 gutters-row-v-md-2 gutters-row-v-2 style-1024 style-local-51-c3 position-relative\">\r\n        <!---->\r\n        <div class=\"h-row justify-content-lg-center justify-content-md-center justify-content-center align-items-lg-stretch align-items-md-stretch align-items-stretch gutters-col-lg-2 gutters-col-md-2 gutters-col-0 gutters-col-v-lg-2 gutters-col-v-md-2 gutters-col-v-2\">\r\n          <!---->\r\n          <div class=\"h-column h-column-container d-flex h-col-lg-auto h-col-md-auto h-col-auto style-1025-outer style-local-51-c4-outer\">\r\n            <div data-colibri-id=\"51-c4\" class=\"d-flex h-flex-basis h-column__inner h-px-lg-2 h-px-md-2 h-px-2 v-inner-lg-2 v-inner-md-2 v-inner-2 style-1025 style-local-51-c4 position-relative\">\r\n              <!---->\r\n              <!---->\r\n              <div class=\"w-100 h-y-container h-column__content h-column__v-align flex-basis-100 align-self-lg-center align-self-md-center align-self-center\">\r\n                <!---->\r\n                <div data-colibri-id=\"51-c5\" class=\"style-1027 style-local-51-c5 position-relative h-element\">\r\n                  <!---->\r\n                  <div class=\"h-global-transition-all h-global-transition h-global-transition-all h-contact-form-shortcode\">\n<div class=\"wpcf7 no-js\" id=\"wpcf7-f250-o1\" lang=\"en-US\" dir=\"ltr\" data-wpcf7-id=\"250\">\n<div class=\"screen-reader-response\"><p role=\"status\" aria-live=\"polite\" aria-atomic=\"true\"><\/p> <ul><\/ul><\/div>\n<form action=\"\/standard\/wp-json\/wp\/v2\/pages\/51#wpcf7-f250-o1\" method=\"post\" class=\"wpcf7-form init\" aria-label=\"Contact form\" novalidate=\"novalidate\" data-status=\"init\">\n<div style=\"display: none;\">\n<input type=\"hidden\" name=\"_wpcf7\" value=\"250\" \/>\n<input type=\"hidden\" name=\"_wpcf7_version\" value=\"6.0.3\" \/>\n<input type=\"hidden\" name=\"_wpcf7_locale\" value=\"en_US\" \/>\n<input type=\"hidden\" name=\"_wpcf7_unit_tag\" value=\"wpcf7-f250-o1\" \/>\n<input type=\"hidden\" name=\"_wpcf7_container_post\" value=\"0\" \/>\n<input type=\"hidden\" name=\"_wpcf7_posted_data_hash\" value=\"\" \/>\n<input type=\"hidden\" name=\"_wpcf7_recaptcha_response\" value=\"\" \/>\n<\/div>\n<p><label>Nombre:<br \/>\n<span class=\"wpcf7-form-control-wrap\" data-name=\"your-name\"><input size=\"40\" maxlength=\"400\" class=\"wpcf7-form-control wpcf7-text wpcf7-validates-as-required\" aria-required=\"true\" aria-invalid=\"false\" value=\"\" type=\"text\" name=\"your-name\" \/><\/span><\/label>\n<\/p>\n<p><label> Email:<br \/>\n<span class=\"wpcf7-form-control-wrap\" data-name=\"your-email\"><input size=\"40\" maxlength=\"400\" class=\"wpcf7-form-control wpcf7-email wpcf7-validates-as-required wpcf7-text wpcf7-validates-as-email\" aria-required=\"true\" aria-invalid=\"false\" value=\"\" type=\"email\" name=\"your-email\" \/><\/span> <\/label>\n<\/p>\n<p><label> Telefono:<br \/>\n<span class=\"wpcf7-form-control-wrap\" data-name=\"tel-551\"><input size=\"40\" maxlength=\"400\" class=\"wpcf7-form-control wpcf7-tel wpcf7-validates-as-required wpcf7-text wpcf7-validates-as-tel\" aria-required=\"true\" aria-invalid=\"false\" value=\"\" type=\"tel\" name=\"tel-551\" \/><\/span> <\/label>\n<\/p>\n<p><label> Mensaje:<br \/>\n<span class=\"wpcf7-form-control-wrap\" data-name=\"your-message\"><textarea cols=\"40\" rows=\"10\" maxlength=\"2000\" class=\"wpcf7-form-control wpcf7-textarea\" aria-invalid=\"false\" name=\"your-message\"><\/textarea><\/span> <\/label>\n<\/p>\n<p><input class=\"wpcf7-form-control wpcf7-submit has-spinner\" type=\"submit\" value=\"Enviar\" \/>\n<\/p><div class=\"wpcf7-response-output\" aria-hidden=\"true\"><\/div>\n<\/form>\n<\/div>\n<\/div>\r\n                <\/div>\r\n              <\/div>\r\n            <\/div>\r\n          <\/div>\r\n        <\/div>\r\n      <\/div>\r\n    <\/div>\r\n  <\/div>\r\n<\/div>","protected":false},"excerpt":{"rendered":"<p>BioGenetics se encuentra ubicado en&nbsp;Av. Manquehue Sur 520, Oficina 421, 4\u00ba Piso, Las Condes,&nbsp;frente a Integram\u00e9dica Manquehue. Si necesita saber c\u00f3mo llegar pinche&nbsp;&nbsp; AQU\u00cd. Nuestros horarios de atenci\u00f3n son de lunes a viernes de 08:30 a 19:00 horas y los d\u00edas s\u00e1bado de 09:30 a 13:00 horas. Ll\u00e1menos si necesita de nuestros servicios en otros [&hellip;]<\/p>\n","protected":false},"author":1,"featured_media":0,"parent":0,"menu_order":0,"comment_status":"closed","ping_status":"closed","template":"page-templates\/full-width-page.php","meta":{"om_disable_all_campaigns":false,"_monsterinsights_skip_tracking":false,"_monsterinsights_sitenote_active":false,"_monsterinsights_sitenote_note":"","_monsterinsights_sitenote_category":0,"_uf_show_specific_survey":0,"_uf_disable_surveys":false,"footnotes":""},"class_list":["post-51","page","type-page","status-publish","hentry"],"yoast_head":"<!-- This site is optimized with the Yoast SEO plugin v26.6 - https:\/\/yoast.com\/wordpress\/plugins\/seo\/ -->\n<title>Contacto BioGenetics | Solicita tu Examen de ADN<\/title>\n<meta name=\"description\" content=\"Cont\u00e1ctanos para agendar tu examen de ADN, prueba de paternidad o an\u00e1lisis de parentesco. BioGenetics Chile: atenci\u00f3n personalizada y asesor\u00eda en tu test de ADN.\" \/>\n<meta name=\"robots\" content=\"index, follow, max-snippet:-1, max-image-preview:large, max-video-preview:-1\" \/>\n<link rel=\"canonical\" href=\"https:\/\/www.biogenetics.cl\/standard\/contacto.html\" \/>\n<meta property=\"og:locale\" content=\"es_ES\" \/>\n<meta property=\"og:type\" content=\"article\" \/>\n<meta property=\"og:title\" content=\"Contacto BioGenetics | Solicita tu Examen de ADN\" \/>\n<meta property=\"og:description\" content=\"Cont\u00e1ctanos para agendar tu examen de ADN, prueba de paternidad o an\u00e1lisis de parentesco. BioGenetics Chile: atenci\u00f3n personalizada y asesor\u00eda en tu test de ADN.\" \/>\n<meta property=\"og:url\" content=\"https:\/\/www.biogenetics.cl\/standard\/contacto.html\" \/>\n<meta property=\"og:site_name\" content=\"BioGenetics\" \/>\n<meta property=\"article:modified_time\" content=\"2025-12-19T17:04:26+00:00\" \/>\n<meta property=\"og:image\" content=\"https:\/\/www.biogenetics.cl\/standard\/wp-content\/uploads\/2019\/02\/heart-shape.png\" \/>\n\t<meta property=\"og:image:width\" content=\"150\" \/>\n\t<meta property=\"og:image:height\" content=\"36\" \/>\n\t<meta property=\"og:image:type\" content=\"image\/png\" \/>\n<meta name=\"twitter:card\" content=\"summary_large_image\" \/>\n<meta name=\"twitter:label1\" content=\"Tiempo de lectura\" \/>\n\t<meta name=\"twitter:data1\" content=\"1 minuto\" \/>\n<script type=\"application\/ld+json\" class=\"yoast-schema-graph\">{\"@context\":\"https:\/\/schema.org\",\"@graph\":[{\"@type\":\"WebPage\",\"@id\":\"https:\/\/www.biogenetics.cl\/standard\/contacto.html\",\"url\":\"https:\/\/www.biogenetics.cl\/standard\/contacto.html\",\"name\":\"Contacto BioGenetics | Solicita tu Examen de ADN\",\"isPartOf\":{\"@id\":\"https:\/\/www.biogenetics.cl\/standard\/#website\"},\"primaryImageOfPage\":{\"@id\":\"https:\/\/www.biogenetics.cl\/standard\/contacto.html#primaryimage\"},\"image\":{\"@id\":\"https:\/\/www.biogenetics.cl\/standard\/contacto.html#primaryimage\"},\"thumbnailUrl\":\"https:\/\/colibriwp-work.colibriwp.com\/medical-clinic-ii\/wp-content\/uploads\/2019\/02\/heart-shape.png\",\"datePublished\":\"2019-02-27T12:23:14+00:00\",\"dateModified\":\"2025-12-19T17:04:26+00:00\",\"description\":\"Cont\u00e1ctanos para agendar tu examen de ADN, prueba de paternidad o an\u00e1lisis de parentesco. BioGenetics Chile: atenci\u00f3n personalizada y asesor\u00eda en tu test de ADN.\",\"breadcrumb\":{\"@id\":\"https:\/\/www.biogenetics.cl\/standard\/contacto.html#breadcrumb\"},\"inLanguage\":\"es\",\"potentialAction\":[{\"@type\":\"ReadAction\",\"target\":[\"https:\/\/www.biogenetics.cl\/standard\/contacto.html\"]}]},{\"@type\":\"ImageObject\",\"inLanguage\":\"es\",\"@id\":\"https:\/\/www.biogenetics.cl\/standard\/contacto.html#primaryimage\",\"url\":\"https:\/\/colibriwp-work.colibriwp.com\/medical-clinic-ii\/wp-content\/uploads\/2019\/02\/heart-shape.png\",\"contentUrl\":\"https:\/\/colibriwp-work.colibriwp.com\/medical-clinic-ii\/wp-content\/uploads\/2019\/02\/heart-shape.png\"},{\"@type\":\"BreadcrumbList\",\"@id\":\"https:\/\/www.biogenetics.cl\/standard\/contacto.html#breadcrumb\",\"itemListElement\":[{\"@type\":\"ListItem\",\"position\":1,\"name\":\"Portada\",\"item\":\"https:\/\/www.biogenetics.cl\/standard\/\"},{\"@type\":\"ListItem\",\"position\":2,\"name\":\"Contacto\"}]},{\"@type\":\"WebSite\",\"@id\":\"https:\/\/www.biogenetics.cl\/standard\/#website\",\"url\":\"https:\/\/www.biogenetics.cl\/standard\/\",\"name\":\"BioGenetics\",\"description\":\"BioGenetics\",\"publisher\":{\"@id\":\"https:\/\/www.biogenetics.cl\/standard\/#organization\"},\"potentialAction\":[{\"@type\":\"SearchAction\",\"target\":{\"@type\":\"EntryPoint\",\"urlTemplate\":\"https:\/\/www.biogenetics.cl\/standard\/?s={search_term_string}\"},\"query-input\":{\"@type\":\"PropertyValueSpecification\",\"valueRequired\":true,\"valueName\":\"search_term_string\"}}],\"inLanguage\":\"es\"},{\"@type\":\"Organization\",\"@id\":\"https:\/\/www.biogenetics.cl\/standard\/#organization\",\"name\":\"BioGenetics\",\"url\":\"https:\/\/www.biogenetics.cl\/standard\/\",\"logo\":{\"@type\":\"ImageObject\",\"inLanguage\":\"es\",\"@id\":\"https:\/\/www.biogenetics.cl\/standard\/#\/schema\/logo\/image\/\",\"url\":\"https:\/\/www.biogenetics.cl\/standard\/wp-content\/uploads\/2024\/05\/logo-biogenetics.webp\",\"contentUrl\":\"https:\/\/www.biogenetics.cl\/standard\/wp-content\/uploads\/2024\/05\/logo-biogenetics.webp\",\"width\":343,\"height\":67,\"caption\":\"BioGenetics\"},\"image\":{\"@id\":\"https:\/\/www.biogenetics.cl\/standard\/#\/schema\/logo\/image\/\"}}]}<\/script>\n<!-- \/ Yoast SEO plugin. -->","yoast_head_json":{"title":"Contacto BioGenetics | Solicita tu Examen de ADN","description":"Cont\u00e1ctanos para agendar tu examen de ADN, prueba de paternidad o an\u00e1lisis de parentesco. BioGenetics Chile: atenci\u00f3n personalizada y asesor\u00eda en tu test de ADN.","robots":{"index":"index","follow":"follow","max-snippet":"max-snippet:-1","max-image-preview":"max-image-preview:large","max-video-preview":"max-video-preview:-1"},"canonical":"https:\/\/www.biogenetics.cl\/standard\/contacto.html","og_locale":"es_ES","og_type":"article","og_title":"Contacto BioGenetics | Solicita tu Examen de ADN","og_description":"Cont\u00e1ctanos para agendar tu examen de ADN, prueba de paternidad o an\u00e1lisis de parentesco. BioGenetics Chile: atenci\u00f3n personalizada y asesor\u00eda en tu test de ADN.","og_url":"https:\/\/www.biogenetics.cl\/standard\/contacto.html","og_site_name":"BioGenetics","article_modified_time":"2025-12-19T17:04:26+00:00","og_image":[{"width":150,"height":36,"url":"https:\/\/www.biogenetics.cl\/standard\/wp-content\/uploads\/2019\/02\/heart-shape.png","type":"image\/png"}],"twitter_card":"summary_large_image","twitter_misc":{"Tiempo de lectura":"1 minuto"},"schema":{"@context":"https:\/\/schema.org","@graph":[{"@type":"WebPage","@id":"https:\/\/www.biogenetics.cl\/standard\/contacto.html","url":"https:\/\/www.biogenetics.cl\/standard\/contacto.html","name":"Contacto BioGenetics | Solicita tu Examen de ADN","isPartOf":{"@id":"https:\/\/www.biogenetics.cl\/standard\/#website"},"primaryImageOfPage":{"@id":"https:\/\/www.biogenetics.cl\/standard\/contacto.html#primaryimage"},"image":{"@id":"https:\/\/www.biogenetics.cl\/standard\/contacto.html#primaryimage"},"thumbnailUrl":"https:\/\/colibriwp-work.colibriwp.com\/medical-clinic-ii\/wp-content\/uploads\/2019\/02\/heart-shape.png","datePublished":"2019-02-27T12:23:14+00:00","dateModified":"2025-12-19T17:04:26+00:00","description":"Cont\u00e1ctanos para agendar tu examen de ADN, prueba de paternidad o an\u00e1lisis de parentesco. BioGenetics Chile: atenci\u00f3n personalizada y asesor\u00eda en tu test de ADN.","breadcrumb":{"@id":"https:\/\/www.biogenetics.cl\/standard\/contacto.html#breadcrumb"},"inLanguage":"es","potentialAction":[{"@type":"ReadAction","target":["https:\/\/www.biogenetics.cl\/standard\/contacto.html"]}]},{"@type":"ImageObject","inLanguage":"es","@id":"https:\/\/www.biogenetics.cl\/standard\/contacto.html#primaryimage","url":"https:\/\/colibriwp-work.colibriwp.com\/medical-clinic-ii\/wp-content\/uploads\/2019\/02\/heart-shape.png","contentUrl":"https:\/\/colibriwp-work.colibriwp.com\/medical-clinic-ii\/wp-content\/uploads\/2019\/02\/heart-shape.png"},{"@type":"BreadcrumbList","@id":"https:\/\/www.biogenetics.cl\/standard\/contacto.html#breadcrumb","itemListElement":[{"@type":"ListItem","position":1,"name":"Portada","item":"https:\/\/www.biogenetics.cl\/standard\/"},{"@type":"ListItem","position":2,"name":"Contacto"}]},{"@type":"WebSite","@id":"https:\/\/www.biogenetics.cl\/standard\/#website","url":"https:\/\/www.biogenetics.cl\/standard\/","name":"BioGenetics","description":"BioGenetics","publisher":{"@id":"https:\/\/www.biogenetics.cl\/standard\/#organization"},"potentialAction":[{"@type":"SearchAction","target":{"@type":"EntryPoint","urlTemplate":"https:\/\/www.biogenetics.cl\/standard\/?s={search_term_string}"},"query-input":{"@type":"PropertyValueSpecification","valueRequired":true,"valueName":"search_term_string"}}],"inLanguage":"es"},{"@type":"Organization","@id":"https:\/\/www.biogenetics.cl\/standard\/#organization","name":"BioGenetics","url":"https:\/\/www.biogenetics.cl\/standard\/","logo":{"@type":"ImageObject","inLanguage":"es","@id":"https:\/\/www.biogenetics.cl\/standard\/#\/schema\/logo\/image\/","url":"https:\/\/www.biogenetics.cl\/standard\/wp-content\/uploads\/2024\/05\/logo-biogenetics.webp","contentUrl":"https:\/\/www.biogenetics.cl\/standard\/wp-content\/uploads\/2024\/05\/logo-biogenetics.webp","width":343,"height":67,"caption":"BioGenetics"},"image":{"@id":"https:\/\/www.biogenetics.cl\/standard\/#\/schema\/logo\/image\/"}}]}},"_links":{"self":[{"href":"https:\/\/www.biogenetics.cl\/standard\/wp-json\/wp\/v2\/pages\/51","targetHints":{"allow":["GET"]}}],"collection":[{"href":"https:\/\/www.biogenetics.cl\/standard\/wp-json\/wp\/v2\/pages"}],"about":[{"href":"https:\/\/www.biogenetics.cl\/standard\/wp-json\/wp\/v2\/types\/page"}],"author":[{"embeddable":true,"href":"https:\/\/www.biogenetics.cl\/standard\/wp-json\/wp\/v2\/users\/1"}],"replies":[{"embeddable":true,"href":"https:\/\/www.biogenetics.cl\/standard\/wp-json\/wp\/v2\/comments?post=51"}],"version-history":[{"count":19,"href":"https:\/\/www.biogenetics.cl\/standard\/wp-json\/wp\/v2\/pages\/51\/revisions"}],"predecessor-version":[{"id":6410,"href":"https:\/\/www.biogenetics.cl\/standard\/wp-json\/wp\/v2\/pages\/51\/revisions\/6410"}],"wp:attachment":[{"href":"https:\/\/www.biogenetics.cl\/standard\/wp-json\/wp\/v2\/media?parent=51"}],"curies":[{"name":"wp","href":"https:\/\/api.w.org\/{rel}","templated":true}]}}