{"id":4907,"date":"2024-10-11T03:23:17","date_gmt":"2024-10-11T03:23:17","guid":{"rendered":"https:\/\/www.biogenetics.cl\/standard\/?page_id=4907"},"modified":"2025-12-19T20:08:11","modified_gmt":"2025-12-19T20:08:11","slug":"prueba-de-adn-de-parentesco-2","status":"publish","type":"page","link":"https:\/\/www.biogenetics.cl\/standard\/prueba-de-adn-de-parentesco-2.html","title":{"rendered":"Pruebas de ADN para parentescos"},"content":{"rendered":"<div data-colibri-id=\"4907-c1\" class=\"style-2666 style-local-4907-c1 position-relative\">\r\n  <!---->\r\n  <div data-colibri-component=\"section\" data-colibri-id=\"4907-c2\" id=\"reusable-sections\" class=\"h-section h-section-global-spacing d-flex align-items-lg-center align-items-md-center align-items-center style-2671 style-local-4907-c2 position-relative\">\r\n    <!---->\r\n    <!---->\r\n    <div class=\"h-section-grid-container h-section-boxed-container\">\r\n      <!---->\r\n      <div data-colibri-id=\"4907-c3\" class=\"h-row-container gutters-row-lg-2 gutters-row-md-2 gutters-row-2 gutters-row-v-lg-2 gutters-row-v-md-2 gutters-row-v-2 style-2672 style-local-4907-c3 position-relative\">\r\n        <!---->\r\n        <div class=\"h-row justify-content-lg-center justify-content-md-center justify-content-center align-items-lg-stretch align-items-md-stretch align-items-stretch gutters-col-lg-2 gutters-col-md-2 gutters-col-2 gutters-col-v-lg-2 gutters-col-v-md-2 gutters-col-v-2\">\r\n          <!---->\r\n          <div class=\"h-column h-column-container d-flex h-col-lg-auto h-col-md-auto h-col-auto style-2673-outer style-local-4907-c4-outer\">\r\n            <div data-colibri-id=\"4907-c4\" class=\"d-flex h-flex-basis h-column__inner h-px-lg-2 h-px-md-2 h-px-2 v-inner-lg-2 v-inner-md-2 v-inner-2 style-2673 style-local-4907-c4 position-relative\">\r\n              <!---->\r\n              <!---->\r\n              <div class=\"w-100 h-y-container h-column__content h-column__v-align flex-basis-100 align-self-lg-start align-self-md-start align-self-start\">\r\n                <!---->\r\n                <div data-colibri-id=\"4907-c5\" class=\"h-global-transition-all h-heading style-2674 style-local-4907-c5 position-relative h-element\">\r\n                  <!---->\r\n                  <div class=\"h-heading__outer style-2674 style-local-4907-c5\">\r\n                    <!---->\r\n                    <!---->\r\n                    <h1 class=\"\">Pruebas de ADN para otros parentescos<\/h1>\r\n                  <\/div>\r\n                <\/div>\r\n                <div data-colibri-id=\"4907-c6\" class=\"d-block style-2675 style-local-4907-c6 position-relative h-element\">\r\n                  <!---->\r\n                  <div class=\"h-image__frame-container-outer\">\r\n                    <div class=\"h-image__frame-container\">\r\n                      <!---->\r\n                      <!---->\r\n                      <img loading=\"lazy\" decoding=\"async\" width=\"375\" height=\"375\" src=\"https:\/\/www.biogenetics.cl\/standard\/wp-content\/uploads\/2024\/10\/cropped-slider1-1.webp\" class=\"wp-image-4776 style-2675-image style-local-4907-c6-image\" alt=\"\" srcset=\"https:\/\/www.biogenetics.cl\/standard\/wp-content\/uploads\/2024\/10\/cropped-slider1-1.webp 375w, https:\/\/www.biogenetics.cl\/standard\/wp-content\/uploads\/2024\/10\/cropped-slider1-1-300x300.webp 300w, https:\/\/www.biogenetics.cl\/standard\/wp-content\/uploads\/2024\/10\/cropped-slider1-1-150x150.webp 150w\" sizes=\"auto, (max-width: 375px) 100vw, 375px\" \/>\r\n                      <div class=\"h-image__frame h-hide-lg h-hide-md h-hide-sm style-2675-frameImage style-local-4907-c6-frameImage\"><\/div>\r\n                    <\/div>\r\n                  <\/div>\r\n                <\/div>\r\n                <div data-colibri-id=\"4907-c7\" class=\"h-x-container style-3368 style-local-4907-c7 position-relative h-element\">\r\n                  <!---->\r\n                  <div class=\"h-x-container-inner style-dynamic-4907-c7-group style-3368-spacing style-local-4907-c7-spacing\"><span class=\"h-button__outer style-3369-outer style-local-4907-c8-outer d-inline-flex h-element\"><a h-use-smooth-scroll=\"true\" href=\"https:\/\/wa.me\/56997903777\"  data-colibri-id=\"4907-c8\" class=\"d-flex w-100 align-items-center h-button justify-content-lg-center justify-content-md-center justify-content-center style-3369 style-local-4907-c8 position-relative\"><!----><!----> <span>escr\u00edbenos<\/span><\/a>\r\n                    <\/span><span class=\"h-button__outer style-3369-outer style-local-4907-c9-outer d-inline-flex h-element\"><a h-use-smooth-scroll=\"true\" href=\"tel:229523910\"  data-colibri-id=\"4907-c9\" class=\"d-flex w-100 align-items-center h-button justify-content-lg-center justify-content-md-center justify-content-center style-3369 style-local-4907-c9 position-relative\"><!----><!----> <span>Ll\u00e1manos<\/span><\/a>\r\n                    <\/span>\r\n                  <\/div>\r\n                <\/div>\r\n              <\/div>\r\n            <\/div>\r\n          <\/div>\r\n          <div class=\"h-column h-column-container d-flex h-col-lg-auto h-col-md-auto h-col-auto style-2679-outer style-local-4907-c10-outer\">\r\n            <div data-colibri-id=\"4907-c10\" class=\"d-flex h-flex-basis h-column__inner h-px-lg-2 h-px-md-2 h-px-2 v-inner-lg-2 v-inner-md-2 v-inner-2 style-2679 style-local-4907-c10 position-relative\">\r\n              <!---->\r\n              <!---->\r\n              <div class=\"w-100 h-y-container h-column__content h-column__v-align flex-basis-100 align-self-lg-start align-self-md-start align-self-start\">\r\n                <!---->\r\n                <hop-accordion previewid=\"4907-c11\" hmodel=\"[object Object]\" parentmodelobj=\"[object Object]\" rootmodel=\"[object Object]\" ispreview=\"true\" class=\"h-element\">\r\n                  <hop-accordion-item previewid=\"4907-c12\" hmodel=\"[object Object]\" parentmodelobj=\"[object Object]\" rootmodel=\"[object Object]\" ispreview=\"true\" class=\"h-element\"><\/hop-accordion-item>\r\n                  <hop-accordion-item previewid=\"4907-c13\" hmodel=\"[object Object]\" parentmodelobj=\"[object Object]\" rootmodel=\"[object Object]\" ispreview=\"true\" class=\"h-element\"><\/hop-accordion-item>\r\n                  <hop-accordion-item previewid=\"4907-c14\" hmodel=\"[object Object]\" parentmodelobj=\"[object Object]\" rootmodel=\"[object Object]\" ispreview=\"true\" class=\"h-element\"><\/hop-accordion-item>\r\n                  <hop-accordion-item previewid=\"4907-c15\" hmodel=\"[object Object]\" parentmodelobj=\"[object Object]\" rootmodel=\"[object Object]\" ispreview=\"true\" class=\"h-element\"><\/hop-accordion-item>\r\n                  <hop-accordion-item previewid=\"4907-c16\" hmodel=\"[object Object]\" parentmodelobj=\"[object Object]\" rootmodel=\"[object Object]\" ispreview=\"true\" class=\"h-element\">\r\n                    <div data-colibri-id=\"4907-c17\" class=\"h-text h-text-component style-2692 style-local-4907-c17 position-relative h-element\">\r\n                      <!---->\r\n                      <!---->\r\n                      <div class=\"\">\r\n                        <div id=\"accordions-6853\" class=\"accordions-6853 accordions\" data-accordions={&quot;lazyLoad&quot;:true,&quot;id&quot;:&quot;6853&quot;,&quot;event&quot;:&quot;click&quot;,&quot;collapsible&quot;:&quot;true&quot;,&quot;heightStyle&quot;:&quot;content&quot;,&quot;animateStyle&quot;:&quot;swing&quot;,&quot;animateDelay&quot;:1000,&quot;navigation&quot;:true,&quot;active&quot;:999,&quot;expandedOther&quot;:&quot;no&quot;}>\r\n                <div id=\"accordions-lazy-6853\" class=\"accordions-lazy\" accordionsId=\"6853\">\r\n                    <\/div>\r\n\r\n    <div class=\"items\"  style=\"display:none\" >\r\n    \r\n            <div post_id=\"6853\" itemcount=\"0\"  header_id=\"header-1755804648419\" id=\"header-1755804648419\" style=\"\" class=\"accordions-head head1755804648419 border-none\" toggle-text=\"\" main-text=\"Pruebas de Maternidad\">\r\n                                    <span id=\"accordion-icons-1755804648419\" class=\"accordion-icons\">\r\n                        <span class=\"accordion-icon-active accordion-plus\"><i class=\"fas fa-chevron-up\"><\/i><\/span>\r\n                        <span class=\"accordion-icon-inactive accordion-minus\"><i class=\"fas fa-chevron-right\"><\/i><\/span>\r\n                    <\/span>\r\n                    <span id=\"header-text-1755804648419\" class=\"accordions-head-title\">Pruebas de Maternidad<\/span>\r\n                            <\/div>\r\n            <div class=\"accordion-content content1755804648419 \">\r\n                <div class=\"\">\n<p>La prueba de maternidad por ADN estudia la posibilidad de que dos personas tengan una relaci\u00f3n de parentesco biol\u00f3gico madre \u2013 hijo\/hija y el estudio es el mismo que se efect\u00faa en un estudio de paternidad.<\/p>\n<p>Este estudio se utiliza para resolver la m\u00e1s m\u00ednima duda existente producto de cambios de beb\u00e9s al momento del alumbramiento, en caso de hijos\/hijas o madres extraviadas, si se quiere asegurar que el embri\u00f3n implantado en una fertilizaci\u00f3n in vitro sea efectivamente de la madre, etc.<\/p>\n<\/div>\n            <\/div>\r\n    \r\n            <div post_id=\"6853\" itemcount=\"1\"  header_id=\"header-1755824850935\" id=\"header-1755824850935\" style=\"\" class=\"accordions-head head1755824850935 border-none\" toggle-text=\"\" main-text=\"Prueba de Abuelidad\">\r\n                                    <span id=\"accordion-icons-1755824850935\" class=\"accordion-icons\">\r\n                        <span class=\"accordion-icon-active accordion-plus\"><i class=\"fas fa-chevron-up\"><\/i><\/span>\r\n                        <span class=\"accordion-icon-inactive accordion-minus\"><i class=\"fas fa-chevron-right\"><\/i><\/span>\r\n                    <\/span>\r\n                    <span id=\"header-text-1755824850935\" class=\"accordions-head-title\">Prueba de Abuelidad<\/span>\r\n                            <\/div>\r\n            <div class=\"accordion-content content1755824850935 \">\r\n                <div class=\"\">\n<p>Este estudio es el que determina la relaci\u00f3n biol\u00f3gica entre un nieto(a) y sus abuelos el que se realiza en ausencia del padre presunto dado que este falleci\u00f3 o bien no est\u00e1 disponible.<\/p>\n<\/div>\n            <\/div>\r\n    \r\n            <div post_id=\"6853\" itemcount=\"2\"  header_id=\"header-1755824877749\" id=\"header-1755824877749\" style=\"\" class=\"accordions-head head1755824877749 border-none\" toggle-text=\"\" main-text=\"Reconstrucci\u00f3n Gen\u00e9tica (persona fallecida o ausente)\">\r\n                                    <span id=\"accordion-icons-1755824877749\" class=\"accordion-icons\">\r\n                        <span class=\"accordion-icon-active accordion-plus\"><i class=\"fas fa-chevron-up\"><\/i><\/span>\r\n                        <span class=\"accordion-icon-inactive accordion-minus\"><i class=\"fas fa-chevron-right\"><\/i><\/span>\r\n                    <\/span>\r\n                    <span id=\"header-text-1755824877749\" class=\"accordions-head-title\">Reconstrucci\u00f3n Gen\u00e9tica (persona fallecida o ausente)<\/span>\r\n                            <\/div>\r\n            <div class=\"accordion-content content1755824877749 \">\r\n                <div class=\"\">\n<p>Una reconstrucci\u00f3n gen\u00e9tica se realiza para determinar el perfil gen\u00e9tico de personas extraviadas o fallecidas. Una vez obtenido el perfil gen\u00e9tico se puede utilizar para determinar parentescos con hijos, hermanos, padres, madres, abuelos, etc.<\/p>\n<\/div>\n            <\/div>\r\n    \r\n            <div post_id=\"6853\" itemcount=\"3\"  header_id=\"header-1755824897460\" id=\"header-1755824897460\" style=\"\" class=\"accordions-head head1755824897460 border-none\" toggle-text=\"\" main-text=\"Examen de ADN primos\">\r\n                                    <span id=\"accordion-icons-1755824897460\" class=\"accordion-icons\">\r\n                        <span class=\"accordion-icon-active accordion-plus\"><i class=\"fas fa-chevron-up\"><\/i><\/span>\r\n                        <span class=\"accordion-icon-inactive accordion-minus\"><i class=\"fas fa-chevron-right\"><\/i><\/span>\r\n                    <\/span>\r\n                    <span id=\"header-text-1755824897460\" class=\"accordions-head-title\">Examen de ADN primos<\/span>\r\n                            <\/div>\r\n            <div class=\"accordion-content content1755824897460 \">\r\n                <p>Un estudio de ADN para establecer si dos personas son primos es bastante simple. Solo deben tomarse muestras y el procedimiento dura solo 15 minutos.<\/p>\n            <\/div>\r\n    \r\n            <div post_id=\"6853\" itemcount=\"4\"  header_id=\"header-1755824931601\" id=\"header-1755824931601\" style=\"\" class=\"accordions-head head1755824931601 border-none\" toggle-text=\"\" main-text=\"Examen de ADN t\u00edo\/sobrino\">\r\n                                    <span id=\"accordion-icons-1755824931601\" class=\"accordion-icons\">\r\n                        <span class=\"accordion-icon-active accordion-plus\"><i class=\"fas fa-chevron-up\"><\/i><\/span>\r\n                        <span class=\"accordion-icon-inactive accordion-minus\"><i class=\"fas fa-chevron-right\"><\/i><\/span>\r\n                    <\/span>\r\n                    <span id=\"header-text-1755824931601\" class=\"accordions-head-title\">Examen de ADN t\u00edo\/sobrino<\/span>\r\n                            <\/div>\r\n            <div class=\"accordion-content content1755824931601 \">\r\n                <div class=\"\">\n<p>Este estudio de ADN para establecer si dos personas comparten este v\u00ednculo es bastante simple. Solo deben tomarse muestras las personas interesadas y el procedimiento dura solo 15 minutos<\/p>\n<\/div>\n            <\/div>\r\n    <\/div>\r\n\r\n\r\n\r\n            <\/div>\r\n                      <\/div>\r\n                    <\/div>\r\n                  <\/hop-accordion-item>\r\n                <\/hop-accordion>\r\n              <\/div>\r\n            <\/div>\r\n          <\/div>\r\n        <\/div>\r\n      <\/div>\r\n    <\/div>\r\n  <\/div>\r\n<\/div>","protected":false},"excerpt":{"rendered":"<p>Pruebas de ADN para otros parentescos escr\u00edbenos Ll\u00e1manos<\/p>\n","protected":false},"author":1,"featured_media":0,"parent":0,"menu_order":0,"comment_status":"closed","ping_status":"closed","template":"page-templates\/full-width-page.php","meta":{"om_disable_all_campaigns":false,"_monsterinsights_skip_tracking":false,"_monsterinsights_sitenote_active":false,"_monsterinsights_sitenote_note":"","_monsterinsights_sitenote_category":0,"_uf_show_specific_survey":0,"_uf_disable_surveys":false,"footnotes":""},"class_list":["post-4907","page","type-page","status-publish","hentry"],"yoast_head":"<!-- This site is optimized with the Yoast SEO plugin v26.6 - https:\/\/yoast.com\/wordpress\/plugins\/seo\/ -->\n<title>Prueba de ADN de Parentesco | Ex\u00e1menes de ADN en Chile<\/title>\n<meta name=\"description\" content=\"Solicita tu prueba de ADN de parentesco con BioGenetics: soluciones avanzadas de ADN para confirmaci\u00f3n familiar, herencia o situaciones legales. Resultados r\u00e1pidos y confiables. biogenetics.cl\" \/>\n<meta name=\"robots\" content=\"index, follow, max-snippet:-1, max-image-preview:large, max-video-preview:-1\" \/>\n<link rel=\"canonical\" href=\"https:\/\/www.biogenetics.cl\/standard\/prueba-de-adn-de-parentesco-2.html\" \/>\n<meta property=\"og:locale\" content=\"es_ES\" \/>\n<meta property=\"og:type\" content=\"article\" \/>\n<meta property=\"og:title\" content=\"Prueba de ADN de Parentesco | Ex\u00e1menes de ADN en Chile\" \/>\n<meta property=\"og:description\" content=\"Solicita tu prueba de ADN de parentesco con BioGenetics: soluciones avanzadas de ADN para confirmaci\u00f3n familiar, herencia o situaciones legales. Resultados r\u00e1pidos y confiables. biogenetics.cl\" \/>\n<meta property=\"og:url\" content=\"https:\/\/www.biogenetics.cl\/standard\/prueba-de-adn-de-parentesco-2.html\" \/>\n<meta property=\"og:site_name\" content=\"BioGenetics\" \/>\n<meta property=\"article:modified_time\" content=\"2025-12-19T20:08:11+00:00\" \/>\n<meta property=\"og:image\" content=\"https:\/\/www.biogenetics.cl\/standard\/wp-content\/uploads\/2024\/10\/cropped-slider1-1.webp\" \/>\n\t<meta property=\"og:image:width\" content=\"375\" \/>\n\t<meta property=\"og:image:height\" content=\"375\" \/>\n\t<meta property=\"og:image:type\" content=\"image\/webp\" \/>\n<meta name=\"twitter:card\" content=\"summary_large_image\" \/>\n<meta name=\"twitter:label1\" content=\"Tiempo de lectura\" \/>\n\t<meta name=\"twitter:data1\" content=\"1 minuto\" \/>\n<script type=\"application\/ld+json\" class=\"yoast-schema-graph\">{\"@context\":\"https:\/\/schema.org\",\"@graph\":[{\"@type\":\"WebPage\",\"@id\":\"https:\/\/www.biogenetics.cl\/standard\/prueba-de-adn-de-parentesco-2.html\",\"url\":\"https:\/\/www.biogenetics.cl\/standard\/prueba-de-adn-de-parentesco-2.html\",\"name\":\"Prueba de ADN de Parentesco | Ex\u00e1menes de ADN en Chile\",\"isPartOf\":{\"@id\":\"https:\/\/www.biogenetics.cl\/standard\/#website\"},\"primaryImageOfPage\":{\"@id\":\"https:\/\/www.biogenetics.cl\/standard\/prueba-de-adn-de-parentesco-2.html#primaryimage\"},\"image\":{\"@id\":\"https:\/\/www.biogenetics.cl\/standard\/prueba-de-adn-de-parentesco-2.html#primaryimage\"},\"thumbnailUrl\":\"https:\/\/www.biogenetics.cl\/standard\/wp-content\/uploads\/2024\/10\/cropped-slider1-1.webp\",\"datePublished\":\"2024-10-11T03:23:17+00:00\",\"dateModified\":\"2025-12-19T20:08:11+00:00\",\"description\":\"Solicita tu prueba de ADN de parentesco con BioGenetics: soluciones avanzadas de ADN para confirmaci\u00f3n familiar, herencia o situaciones legales. Resultados r\u00e1pidos y confiables. biogenetics.cl\",\"breadcrumb\":{\"@id\":\"https:\/\/www.biogenetics.cl\/standard\/prueba-de-adn-de-parentesco-2.html#breadcrumb\"},\"inLanguage\":\"es\",\"potentialAction\":[{\"@type\":\"ReadAction\",\"target\":[\"https:\/\/www.biogenetics.cl\/standard\/prueba-de-adn-de-parentesco-2.html\"]}]},{\"@type\":\"ImageObject\",\"inLanguage\":\"es\",\"@id\":\"https:\/\/www.biogenetics.cl\/standard\/prueba-de-adn-de-parentesco-2.html#primaryimage\",\"url\":\"https:\/\/www.biogenetics.cl\/standard\/wp-content\/uploads\/2024\/10\/cropped-slider1-1.webp\",\"contentUrl\":\"https:\/\/www.biogenetics.cl\/standard\/wp-content\/uploads\/2024\/10\/cropped-slider1-1.webp\",\"width\":375,\"height\":375},{\"@type\":\"BreadcrumbList\",\"@id\":\"https:\/\/www.biogenetics.cl\/standard\/prueba-de-adn-de-parentesco-2.html#breadcrumb\",\"itemListElement\":[{\"@type\":\"ListItem\",\"position\":1,\"name\":\"Portada\",\"item\":\"https:\/\/www.biogenetics.cl\/standard\/\"},{\"@type\":\"ListItem\",\"position\":2,\"name\":\"Pruebas de ADN para parentescos\"}]},{\"@type\":\"WebSite\",\"@id\":\"https:\/\/www.biogenetics.cl\/standard\/#website\",\"url\":\"https:\/\/www.biogenetics.cl\/standard\/\",\"name\":\"BioGenetics\",\"description\":\"BioGenetics\",\"publisher\":{\"@id\":\"https:\/\/www.biogenetics.cl\/standard\/#organization\"},\"potentialAction\":[{\"@type\":\"SearchAction\",\"target\":{\"@type\":\"EntryPoint\",\"urlTemplate\":\"https:\/\/www.biogenetics.cl\/standard\/?s={search_term_string}\"},\"query-input\":{\"@type\":\"PropertyValueSpecification\",\"valueRequired\":true,\"valueName\":\"search_term_string\"}}],\"inLanguage\":\"es\"},{\"@type\":\"Organization\",\"@id\":\"https:\/\/www.biogenetics.cl\/standard\/#organization\",\"name\":\"BioGenetics\",\"url\":\"https:\/\/www.biogenetics.cl\/standard\/\",\"logo\":{\"@type\":\"ImageObject\",\"inLanguage\":\"es\",\"@id\":\"https:\/\/www.biogenetics.cl\/standard\/#\/schema\/logo\/image\/\",\"url\":\"https:\/\/www.biogenetics.cl\/standard\/wp-content\/uploads\/2024\/05\/logo-biogenetics.webp\",\"contentUrl\":\"https:\/\/www.biogenetics.cl\/standard\/wp-content\/uploads\/2024\/05\/logo-biogenetics.webp\",\"width\":343,\"height\":67,\"caption\":\"BioGenetics\"},\"image\":{\"@id\":\"https:\/\/www.biogenetics.cl\/standard\/#\/schema\/logo\/image\/\"}}]}<\/script>\n<!-- \/ Yoast SEO plugin. -->","yoast_head_json":{"title":"Prueba de ADN de Parentesco | Ex\u00e1menes de ADN en Chile","description":"Solicita tu prueba de ADN de parentesco con BioGenetics: soluciones avanzadas de ADN para confirmaci\u00f3n familiar, herencia o situaciones legales. Resultados r\u00e1pidos y confiables. biogenetics.cl","robots":{"index":"index","follow":"follow","max-snippet":"max-snippet:-1","max-image-preview":"max-image-preview:large","max-video-preview":"max-video-preview:-1"},"canonical":"https:\/\/www.biogenetics.cl\/standard\/prueba-de-adn-de-parentesco-2.html","og_locale":"es_ES","og_type":"article","og_title":"Prueba de ADN de Parentesco | Ex\u00e1menes de ADN en Chile","og_description":"Solicita tu prueba de ADN de parentesco con BioGenetics: soluciones avanzadas de ADN para confirmaci\u00f3n familiar, herencia o situaciones legales. Resultados r\u00e1pidos y confiables. biogenetics.cl","og_url":"https:\/\/www.biogenetics.cl\/standard\/prueba-de-adn-de-parentesco-2.html","og_site_name":"BioGenetics","article_modified_time":"2025-12-19T20:08:11+00:00","og_image":[{"width":375,"height":375,"url":"https:\/\/www.biogenetics.cl\/standard\/wp-content\/uploads\/2024\/10\/cropped-slider1-1.webp","type":"image\/webp"}],"twitter_card":"summary_large_image","twitter_misc":{"Tiempo de lectura":"1 minuto"},"schema":{"@context":"https:\/\/schema.org","@graph":[{"@type":"WebPage","@id":"https:\/\/www.biogenetics.cl\/standard\/prueba-de-adn-de-parentesco-2.html","url":"https:\/\/www.biogenetics.cl\/standard\/prueba-de-adn-de-parentesco-2.html","name":"Prueba de ADN de Parentesco | Ex\u00e1menes de ADN en Chile","isPartOf":{"@id":"https:\/\/www.biogenetics.cl\/standard\/#website"},"primaryImageOfPage":{"@id":"https:\/\/www.biogenetics.cl\/standard\/prueba-de-adn-de-parentesco-2.html#primaryimage"},"image":{"@id":"https:\/\/www.biogenetics.cl\/standard\/prueba-de-adn-de-parentesco-2.html#primaryimage"},"thumbnailUrl":"https:\/\/www.biogenetics.cl\/standard\/wp-content\/uploads\/2024\/10\/cropped-slider1-1.webp","datePublished":"2024-10-11T03:23:17+00:00","dateModified":"2025-12-19T20:08:11+00:00","description":"Solicita tu prueba de ADN de parentesco con BioGenetics: soluciones avanzadas de ADN para confirmaci\u00f3n familiar, herencia o situaciones legales. Resultados r\u00e1pidos y confiables. biogenetics.cl","breadcrumb":{"@id":"https:\/\/www.biogenetics.cl\/standard\/prueba-de-adn-de-parentesco-2.html#breadcrumb"},"inLanguage":"es","potentialAction":[{"@type":"ReadAction","target":["https:\/\/www.biogenetics.cl\/standard\/prueba-de-adn-de-parentesco-2.html"]}]},{"@type":"ImageObject","inLanguage":"es","@id":"https:\/\/www.biogenetics.cl\/standard\/prueba-de-adn-de-parentesco-2.html#primaryimage","url":"https:\/\/www.biogenetics.cl\/standard\/wp-content\/uploads\/2024\/10\/cropped-slider1-1.webp","contentUrl":"https:\/\/www.biogenetics.cl\/standard\/wp-content\/uploads\/2024\/10\/cropped-slider1-1.webp","width":375,"height":375},{"@type":"BreadcrumbList","@id":"https:\/\/www.biogenetics.cl\/standard\/prueba-de-adn-de-parentesco-2.html#breadcrumb","itemListElement":[{"@type":"ListItem","position":1,"name":"Portada","item":"https:\/\/www.biogenetics.cl\/standard\/"},{"@type":"ListItem","position":2,"name":"Pruebas de ADN para parentescos"}]},{"@type":"WebSite","@id":"https:\/\/www.biogenetics.cl\/standard\/#website","url":"https:\/\/www.biogenetics.cl\/standard\/","name":"BioGenetics","description":"BioGenetics","publisher":{"@id":"https:\/\/www.biogenetics.cl\/standard\/#organization"},"potentialAction":[{"@type":"SearchAction","target":{"@type":"EntryPoint","urlTemplate":"https:\/\/www.biogenetics.cl\/standard\/?s={search_term_string}"},"query-input":{"@type":"PropertyValueSpecification","valueRequired":true,"valueName":"search_term_string"}}],"inLanguage":"es"},{"@type":"Organization","@id":"https:\/\/www.biogenetics.cl\/standard\/#organization","name":"BioGenetics","url":"https:\/\/www.biogenetics.cl\/standard\/","logo":{"@type":"ImageObject","inLanguage":"es","@id":"https:\/\/www.biogenetics.cl\/standard\/#\/schema\/logo\/image\/","url":"https:\/\/www.biogenetics.cl\/standard\/wp-content\/uploads\/2024\/05\/logo-biogenetics.webp","contentUrl":"https:\/\/www.biogenetics.cl\/standard\/wp-content\/uploads\/2024\/05\/logo-biogenetics.webp","width":343,"height":67,"caption":"BioGenetics"},"image":{"@id":"https:\/\/www.biogenetics.cl\/standard\/#\/schema\/logo\/image\/"}}]}},"_links":{"self":[{"href":"https:\/\/www.biogenetics.cl\/standard\/wp-json\/wp\/v2\/pages\/4907","targetHints":{"allow":["GET"]}}],"collection":[{"href":"https:\/\/www.biogenetics.cl\/standard\/wp-json\/wp\/v2\/pages"}],"about":[{"href":"https:\/\/www.biogenetics.cl\/standard\/wp-json\/wp\/v2\/types\/page"}],"author":[{"embeddable":true,"href":"https:\/\/www.biogenetics.cl\/standard\/wp-json\/wp\/v2\/users\/1"}],"replies":[{"embeddable":true,"href":"https:\/\/www.biogenetics.cl\/standard\/wp-json\/wp\/v2\/comments?post=4907"}],"version-history":[{"count":11,"href":"https:\/\/www.biogenetics.cl\/standard\/wp-json\/wp\/v2\/pages\/4907\/revisions"}],"predecessor-version":[{"id":6880,"href":"https:\/\/www.biogenetics.cl\/standard\/wp-json\/wp\/v2\/pages\/4907\/revisions\/6880"}],"wp:attachment":[{"href":"https:\/\/www.biogenetics.cl\/standard\/wp-json\/wp\/v2\/media?parent=4907"}],"curies":[{"name":"wp","href":"https:\/\/api.w.org\/{rel}","templated":true}]}}