{"id":4244,"date":"2024-07-07T04:01:51","date_gmt":"2024-07-07T04:01:51","guid":{"rendered":"https:\/\/www.biogenetics.cl\/standard\/?page_id=4244"},"modified":"2025-12-19T20:15:13","modified_gmt":"2025-12-19T20:15:13","slug":"precios","status":"publish","type":"page","link":"https:\/\/www.biogenetics.cl\/standard\/precios.html","title":{"rendered":"Precios"},"content":{"rendered":"<div data-colibri-id=\"4244-c49\" class=\"style-2471 style-local-4244-c49 position-relative\">\r\n  <!---->\r\n  <div data-colibri-component=\"section\" data-colibri-id=\"4244-c50\" id=\"reusable-sections\" class=\"h-section h-section-global-spacing d-flex align-items-lg-center align-items-md-center align-items-center style-2472 style-local-4244-c50 position-relative\">\r\n    <!---->\r\n    <!---->\r\n    <div class=\"h-section-grid-container h-section-boxed-container\">\r\n      <!---->\r\n      <div data-colibri-id=\"4244-c51\" class=\"h-row-container gutters-row-lg-2 gutters-row-md-2 gutters-row-2 gutters-row-v-lg-2 gutters-row-v-md-2 gutters-row-v-2 style-2473 style-local-4244-c51 position-relative\">\r\n        <!---->\r\n        <div class=\"h-row justify-content-lg-center justify-content-md-center justify-content-center align-items-lg-stretch align-items-md-stretch align-items-stretch gutters-col-lg-2 gutters-col-md-2 gutters-col-2 gutters-col-v-lg-2 gutters-col-v-md-2 gutters-col-v-2\">\r\n          <!---->\r\n          <div class=\"h-column h-column-container d-flex h-col-lg-auto h-col-md-auto h-col-auto style-2474-outer style-local-4244-c52-outer\">\r\n            <div data-colibri-id=\"4244-c52\" class=\"d-flex h-flex-basis h-column__inner h-px-lg-2 h-px-md-2 h-px-2 v-inner-lg-2 v-inner-md-2 v-inner-2 style-2474 style-local-4244-c52 position-relative\">\r\n              <!---->\r\n              <!---->\r\n              <div class=\"w-100 h-y-container h-column__content h-column__v-align flex-basis-100 align-self-lg-start align-self-md-start align-self-start\">\r\n                <!---->\r\n                <div data-colibri-id=\"4244-c53\" class=\"h-global-transition-all h-heading style-2475 style-local-4244-c53 position-relative h-element\">\r\n                  <!---->\r\n                  <div class=\"h-heading__outer style-2475 style-local-4244-c53\">\r\n                    <!---->\r\n                    <!---->\r\n                    <h2 class=\"\">Precios y formas de pago<\/h2>\r\n                  <\/div>\r\n                <\/div>\r\n                <div data-colibri-id=\"4244-c54\" class=\"h-text h-text-component style-2508 style-local-4244-c54 position-relative h-element\">\r\n                  <!---->\r\n                  <!---->\r\n                  <div class=\"\">\r\n                    <p><span style=\"color: rgb(64, 64, 64); font-family: Montserrat; font-size: 16px; font-weight: 300;\">Cont\u00e1ctenos para indicarle el&nbsp;<\/span><strong style=\"color: rgb(0, 104, 174); font-family: Montserrat; font-size: 16px;\">precio exacto<\/strong>\r\n                      <strong\r\n                        style=\"color: rgb(64, 64, 64); font-family: Montserrat; font-size: 16px;\">&nbsp;del estudio de ADN que usted necesita<\/strong><span style=\"color: rgb(64, 64, 64); font-family: Montserrat; font-size: 16px; font-weight: 300;\">. Los precios var\u00edan seg\u00fan el tipo de estudio, muestra, tiempo del an\u00e1lisis, etc.&nbsp;<\/span><\/p>\r\n                    <p>Puede pagar con todo medio de pago:<\/p>\r\n                    <ul>\r\n                      <li>Efectivo<\/li>\r\n                      <li>Dep\u00f3sito en cuenta corriente<\/li>\r\n                      <li>Transferencia bancaria<\/li>\r\n                      <li>Tarjetas de cr\u00e9dito<\/li>\r\n                    <\/ul>\r\n                    <p>\r\n                      <br>\r\n                    <\/p>\r\n                  <\/div>\r\n                <\/div>\r\n                <div data-colibri-id=\"4244-c55\" class=\"h-text h-text-component style-2625 style-local-4244-c55 position-relative h-element\">\r\n                  <!---->\r\n                  <!---->\r\n                  <div class=\"\">\r\n                    <p><span style=\"font-weight: 600; font-size: 16px; font-family: &quot;Helvetica Neue&quot;, Helvetica, Arial, sans-serif; color: rgb(0, 104, 174);\">Usted puede pagar desde $50.000 al iniciar su estudio y la diferencia al retirar los resultados.<\/span><\/p>\r\n                  <\/div>\r\n                <\/div>\r\n                <div data-colibri-id=\"4244-c57\" class=\"h-x-container style-2477 style-local-4244-c57 position-relative h-element\">\r\n                  <!---->\r\n                  <div class=\"h-x-container-inner style-dynamic-4244-c57-group style-2477-spacing style-local-4244-c57-spacing\"><span class=\"h-button__outer style-2478-outer style-local-4244-c58-outer d-inline-flex h-element\"><a h-use-smooth-scroll=\"true\" href=\"https:\/\/wa.me\/56997903777\" target=\"_blank\"  data-colibri-id=\"4244-c58\" class=\"d-flex w-100 align-items-center h-button justify-content-lg-center justify-content-md-center justify-content-center style-2478 style-local-4244-c58 position-relative\"><!----><span  class=\"h-svg-icon h-button__icon style-2478-icon style-local-4244-c58-icon\"><!--Icon by Ionicons (https:\/\/ionicons.com)--><svg version=\"1.1\" xmlns=\"http:\/\/www.w3.org\/2000\/svg\" xmlns:xlink=\"http:\/\/www.w3.org\/1999\/xlink\" id=\"social-whatsapp-outline\" viewBox=\"0 0 448 512\"><path d=\"M178 154c4 11 15 39 16 42s2 6 0 10-3 6-6 9-6 7-9 9c-3 3-6 6-3 12s14 24 30 39c21 20 38 27 44 30s9 3 12-1 15-16 19-21 8-5 13-3 31 17 37 20 10 5 11 7 0 13-5 26-28 24-38 25-11 8-67-16-90-84-93-88-22-31-21-58 17-41 22-46 11-7 15-7h10s9 0 13 11zm50-90c-50 0-97 20-133 55-35 35-55 81-55 131 0 34 9 67 27 96l8 13-5 14-19 57 61-19 13-4 12 6c28 15 59 23 91 23 50 0 97-19 133-54 35-35 55-82 55-132s-20-96-55-131c-36-35-83-55-133-55zm0-32c121 0 220 97 220 218s-99 218-220 218c-39 0-74-10-106-27L0 480l40-117C20 330 8 291 8 250 8 129 107 32 228 32z\"><\/path><\/svg><\/span>                    <span>escribenos<\/span><\/a>\r\n                    <\/span>\r\n                  <\/div>\r\n                <\/div>\r\n                <div data-colibri-id=\"4244-c56\" class=\"h-text h-text-component style-2626 style-local-4244-c56 position-relative h-element\">\r\n                  <!---->\r\n                  <!---->\r\n                  <div class=\"\">\r\n                    <p><span style=\"color: rgb(0, 104, 174); font-family: &quot;Helvetica Neue&quot;, Helvetica, Arial, sans-serif; font-size: 14px; font-weight: 400;\"> <\/span><span style=\"color: rgb(0, 104, 174); font-family: &quot;Helvetica Neue&quot;, Helvetica, Arial, sans-serif; font-size: 16px; font-weight: 600;\">Usted puede pagar desde $50.000 al iniciar su estudio y la diferencia al retirar los resultados.&nbsp;<\/span><\/p>\r\n                    <p>\r\n                      <br>\r\n                    <\/p>\r\n                    <p>\r\n                      <br>\r\n                    <\/p>\r\n                    <p><span style=\"font-family: &quot;Helvetica Neue&quot;, Helvetica, Arial, sans-serif; font-size: 16px; font-weight: 600; color: rgb(0, 104, 174);\">IMPORTANTE<\/span><\/p>\r\n                    <p><span style=\"font-family: &quot;Helvetica Neue&quot;, Helvetica, Arial, sans-serif; font-size: 16px; font-weight: 600; color: rgb(0, 104, 174);\"><br>Precio m\u00e1s econ\u00f3mico del mercado.<\/span><span style=\"font-family: Montserrat; font-size: 16px; font-weight: 300; color: rgb(64, 64, 64);\"> Hay empresas que son solo una oficina, y no un laboratorio, y por eso solo le podr\u00e1n ofrecer que tienen el \u201cprecio m\u00e1s econ\u00f3mico del mercado\u201d para realizar un examen de ADN para paternidad. Generalmente estos an\u00e1lisis se realizan fuera de Chile, demoran m\u00e1s de 5 d\u00edas en entregar el informe y los&nbsp;<\/span>&nbsp;\r\n                      <span\r\n                        style=\"font-family: Montserrat; font-size: 16px; font-weight: 300; color: rgb(0, 104, 174);\">resultados no poseen ning\u00fan tipo de validez legal en Chile ni menos son resultados certificados bajo la legislaci\u00f3n chilena.<\/span>\r\n                    <\/p>\r\n                    <p><span style=\"font-family: &quot;Helvetica Neue&quot;, Helvetica, Arial, sans-serif; font-size: 16px; font-weight: 600; color: rgb(0, 104, 174);\">Tiempo de entrega de resultados.<\/span><span style=\"color: rgb(0, 104, 174);\">&nbsp;<\/span>En\r\n                      cualquier laboratorio del mundo, y que se encuentre debidamente actualizado, los resultados de un examen de ADN para paternidad con muestras bucales-sangre est\u00e1n disponibles de rutina entre 8 horas y con un m\u00e1ximo de 3 d\u00edas. Es m\u00e1s,\r\n                      con la \u00faltima tecnolog\u00eda disponible las muestras se analizan de manera standard durante un 1 d\u00eda. Si a usted le ofrecen un resultado en m\u00e1s de 5 d\u00edas con ese tipo de muestras debe saber que es algo ajeno a la normalidad de cualquier\r\n                      laboratorio forense. Probablemente las muestras han sido enviadas a analizar al extranjero y es por ello que es muy dif\u00edcil entregar un informe r\u00e1pidamente, estas muestras deben viajar por algunos d\u00edas antes de llegar a destino,\r\n                      y quedan sujetas a los controles aduaneros y de la empresa de correos que las transporta.\r\n                      <br>\r\n                    <\/p>\r\n                    <p><span style=\"font-family: &quot;Helvetica Neue&quot;, Helvetica, Arial, sans-serif; font-size: 16px; font-weight: 600; color: rgb(0, 104, 174);\">Env\u00edo de muestras a a analizar al extranjero.<\/span><span style=\"color: rgb(0, 104, 174);\">&nbsp;<\/span>Uno\r\n                      de los riesgos inmediatos de enviar muestras biol\u00f3gicas al extranjero es la alteraci\u00f3n de la cadena de custodia. Las muestras enviadas podr\u00edan sufrir alteraciones en una eventual revisi\u00f3n de los agentes de las aduanas, siendo manipuladas\r\n                      y por ende rompiendo la cadena de custodia de las mismas.\r\n                      <br>\r\n                    <\/p>\r\n                    <p><span style=\"font-family: &quot;Helvetica Neue&quot;, Helvetica, Arial, sans-serif; font-size: 16px; font-weight: 600; color: rgb(0, 104, 174);\">Informes emitidos fuera de Chile.&nbsp;<\/span>Las pruebas de ADN para paternidad que no\r\n                      se analizan en Chile pudieran no cumplir con los requisitos de calidad, cadena de custodia y especializaci\u00f3n que este tipo de an\u00e1lisis requiere en Chile. Esta pudiera ser una de las razones de porque la mayor\u00eda de los sitios web\r\n                      NO dice que los an\u00e1lisis se hacen fuera de Chile.\r\n                      <br>\r\n                    <\/p>\r\n                    <p><span style=\"font-family: &quot;Helvetica Neue&quot;, Helvetica, Arial, sans-serif; font-size: 16px; font-weight: 600; color: rgb(0, 104, 174);\">Toma de muestras en oficinas y\/o establecimientos no autorizados.<\/span>&nbsp;Tomar muestras\r\n                      para un estudio de ADN para paternidad en una \u201coficina\u201d o en un lugar no autorizado como \u201ctoma de muestras\u201d est\u00e1 sancionado por ley.\r\n                      <br>\r\n                    <\/p>\r\n                    <p><span style=\"font-family: &quot;Helvetica Neue&quot;, Helvetica, Arial, sans-serif; font-size: 16px; font-weight: 600; color: rgb(0, 104, 174);\">Laboratorios acreditados en Chile.<\/span><span style=\"color: rgb(0, 104, 174);\">&nbsp;<\/span>Cuando\r\n                      haga b\u00fasquedas por internet puede encontrar pruebas de ADN para paternidad que se ofrecen por intermedio de \u201coficinas\u201d o \u201centidades virtuales\u201d y que en ning\u00fan caso son laboratorios establecidos. Sin embargo, al ver su sitio web pareciera\r\n                      que si lo son. La mayor\u00eda de estos lugares no poseen ning\u00fan tipo de certificaci\u00f3n en Chile para este tipo de pruebas ni menos poseen alg\u00fan tipo de fiscalizaci\u00f3n por parte del ministerio de salud.\r\n                      <br>\r\n                    <\/p>\r\n                    <p>\r\n                      <br>\r\n                    <\/p>\r\n                  <\/div>\r\n                <\/div>\r\n              <\/div>\r\n            <\/div>\r\n          <\/div>\r\n        <\/div>\r\n      <\/div>\r\n    <\/div>\r\n  <\/div>\r\n<\/div>","protected":false},"excerpt":{"rendered":"<p>Precios y formas de pago Cont\u00e1ctenos para indicarle el&nbsp;precio exacto &nbsp;del estudio de ADN que usted necesita. Los precios var\u00edan seg\u00fan el tipo de estudio, muestra, tiempo del an\u00e1lisis, etc.&nbsp; Puede pagar con todo medio de pago: Efectivo Dep\u00f3sito en cuenta corriente Transferencia bancaria Tarjetas de cr\u00e9dito Usted puede pagar desde $50.000 al iniciar su [&hellip;]<\/p>\n","protected":false},"author":1,"featured_media":0,"parent":0,"menu_order":0,"comment_status":"closed","ping_status":"closed","template":"page-templates\/full-width-page.php","meta":{"om_disable_all_campaigns":false,"_monsterinsights_skip_tracking":false,"_monsterinsights_sitenote_active":false,"_monsterinsights_sitenote_note":"","_monsterinsights_sitenote_category":0,"_uf_show_specific_survey":0,"_uf_disable_surveys":false,"footnotes":""},"class_list":["post-4244","page","type-page","status-publish","hentry"],"yoast_head":"<!-- This site is optimized with the Yoast SEO plugin v26.6 - https:\/\/yoast.com\/wordpress\/plugins\/seo\/ -->\n<title>Precios Ex\u00e1menes de ADN | Costos Test de ADN en BioGenetics<\/title>\n<meta name=\"description\" content=\"Consulta nuestros precios de ex\u00e1menes de ADN y prueba de paternidad en Chile. BioGenetics ofrece costos competitivos, opciones con kit de ADN y asesor\u00eda profesional para tu an\u00e1lisis gen\u00e9tico. biogenetics.cl\" \/>\n<meta name=\"robots\" content=\"index, follow, max-snippet:-1, max-image-preview:large, max-video-preview:-1\" \/>\n<link rel=\"canonical\" href=\"https:\/\/www.biogenetics.cl\/standard\/precios.html\" \/>\n<meta property=\"og:locale\" content=\"es_ES\" \/>\n<meta property=\"og:type\" content=\"article\" \/>\n<meta property=\"og:title\" content=\"Precios Ex\u00e1menes de ADN | Costos Test de ADN en BioGenetics\" \/>\n<meta property=\"og:description\" content=\"Consulta nuestros precios de ex\u00e1menes de ADN y prueba de paternidad en Chile. BioGenetics ofrece costos competitivos, opciones con kit de ADN y asesor\u00eda profesional para tu an\u00e1lisis gen\u00e9tico. biogenetics.cl\" \/>\n<meta property=\"og:url\" content=\"https:\/\/www.biogenetics.cl\/standard\/precios.html\" \/>\n<meta property=\"og:site_name\" content=\"BioGenetics\" \/>\n<meta property=\"article:modified_time\" content=\"2025-12-19T20:15:13+00:00\" \/>\n<meta name=\"twitter:card\" content=\"summary_large_image\" \/>\n<meta name=\"twitter:label1\" content=\"Tiempo de lectura\" \/>\n\t<meta name=\"twitter:data1\" content=\"3 minutos\" \/>\n<script type=\"application\/ld+json\" class=\"yoast-schema-graph\">{\"@context\":\"https:\/\/schema.org\",\"@graph\":[{\"@type\":\"WebPage\",\"@id\":\"https:\/\/www.biogenetics.cl\/standard\/precios.html\",\"url\":\"https:\/\/www.biogenetics.cl\/standard\/precios.html\",\"name\":\"Precios Ex\u00e1menes de ADN | Costos Test de ADN en BioGenetics\",\"isPartOf\":{\"@id\":\"https:\/\/www.biogenetics.cl\/standard\/#website\"},\"datePublished\":\"2024-07-07T04:01:51+00:00\",\"dateModified\":\"2025-12-19T20:15:13+00:00\",\"description\":\"Consulta nuestros precios de ex\u00e1menes de ADN y prueba de paternidad en Chile. BioGenetics ofrece costos competitivos, opciones con kit de ADN y asesor\u00eda profesional para tu an\u00e1lisis gen\u00e9tico. biogenetics.cl\",\"breadcrumb\":{\"@id\":\"https:\/\/www.biogenetics.cl\/standard\/precios.html#breadcrumb\"},\"inLanguage\":\"es\",\"potentialAction\":[{\"@type\":\"ReadAction\",\"target\":[\"https:\/\/www.biogenetics.cl\/standard\/precios.html\"]}]},{\"@type\":\"BreadcrumbList\",\"@id\":\"https:\/\/www.biogenetics.cl\/standard\/precios.html#breadcrumb\",\"itemListElement\":[{\"@type\":\"ListItem\",\"position\":1,\"name\":\"Portada\",\"item\":\"https:\/\/www.biogenetics.cl\/standard\/\"},{\"@type\":\"ListItem\",\"position\":2,\"name\":\"Precios\"}]},{\"@type\":\"WebSite\",\"@id\":\"https:\/\/www.biogenetics.cl\/standard\/#website\",\"url\":\"https:\/\/www.biogenetics.cl\/standard\/\",\"name\":\"BioGenetics\",\"description\":\"BioGenetics\",\"publisher\":{\"@id\":\"https:\/\/www.biogenetics.cl\/standard\/#organization\"},\"potentialAction\":[{\"@type\":\"SearchAction\",\"target\":{\"@type\":\"EntryPoint\",\"urlTemplate\":\"https:\/\/www.biogenetics.cl\/standard\/?s={search_term_string}\"},\"query-input\":{\"@type\":\"PropertyValueSpecification\",\"valueRequired\":true,\"valueName\":\"search_term_string\"}}],\"inLanguage\":\"es\"},{\"@type\":\"Organization\",\"@id\":\"https:\/\/www.biogenetics.cl\/standard\/#organization\",\"name\":\"BioGenetics\",\"url\":\"https:\/\/www.biogenetics.cl\/standard\/\",\"logo\":{\"@type\":\"ImageObject\",\"inLanguage\":\"es\",\"@id\":\"https:\/\/www.biogenetics.cl\/standard\/#\/schema\/logo\/image\/\",\"url\":\"https:\/\/www.biogenetics.cl\/standard\/wp-content\/uploads\/2024\/05\/logo-biogenetics.webp\",\"contentUrl\":\"https:\/\/www.biogenetics.cl\/standard\/wp-content\/uploads\/2024\/05\/logo-biogenetics.webp\",\"width\":343,\"height\":67,\"caption\":\"BioGenetics\"},\"image\":{\"@id\":\"https:\/\/www.biogenetics.cl\/standard\/#\/schema\/logo\/image\/\"}}]}<\/script>\n<!-- \/ Yoast SEO plugin. -->","yoast_head_json":{"title":"Precios Ex\u00e1menes de ADN | Costos Test de ADN en BioGenetics","description":"Consulta nuestros precios de ex\u00e1menes de ADN y prueba de paternidad en Chile. BioGenetics ofrece costos competitivos, opciones con kit de ADN y asesor\u00eda profesional para tu an\u00e1lisis gen\u00e9tico. biogenetics.cl","robots":{"index":"index","follow":"follow","max-snippet":"max-snippet:-1","max-image-preview":"max-image-preview:large","max-video-preview":"max-video-preview:-1"},"canonical":"https:\/\/www.biogenetics.cl\/standard\/precios.html","og_locale":"es_ES","og_type":"article","og_title":"Precios Ex\u00e1menes de ADN | Costos Test de ADN en BioGenetics","og_description":"Consulta nuestros precios de ex\u00e1menes de ADN y prueba de paternidad en Chile. BioGenetics ofrece costos competitivos, opciones con kit de ADN y asesor\u00eda profesional para tu an\u00e1lisis gen\u00e9tico. biogenetics.cl","og_url":"https:\/\/www.biogenetics.cl\/standard\/precios.html","og_site_name":"BioGenetics","article_modified_time":"2025-12-19T20:15:13+00:00","twitter_card":"summary_large_image","twitter_misc":{"Tiempo de lectura":"3 minutos"},"schema":{"@context":"https:\/\/schema.org","@graph":[{"@type":"WebPage","@id":"https:\/\/www.biogenetics.cl\/standard\/precios.html","url":"https:\/\/www.biogenetics.cl\/standard\/precios.html","name":"Precios Ex\u00e1menes de ADN | Costos Test de ADN en BioGenetics","isPartOf":{"@id":"https:\/\/www.biogenetics.cl\/standard\/#website"},"datePublished":"2024-07-07T04:01:51+00:00","dateModified":"2025-12-19T20:15:13+00:00","description":"Consulta nuestros precios de ex\u00e1menes de ADN y prueba de paternidad en Chile. BioGenetics ofrece costos competitivos, opciones con kit de ADN y asesor\u00eda profesional para tu an\u00e1lisis gen\u00e9tico. biogenetics.cl","breadcrumb":{"@id":"https:\/\/www.biogenetics.cl\/standard\/precios.html#breadcrumb"},"inLanguage":"es","potentialAction":[{"@type":"ReadAction","target":["https:\/\/www.biogenetics.cl\/standard\/precios.html"]}]},{"@type":"BreadcrumbList","@id":"https:\/\/www.biogenetics.cl\/standard\/precios.html#breadcrumb","itemListElement":[{"@type":"ListItem","position":1,"name":"Portada","item":"https:\/\/www.biogenetics.cl\/standard\/"},{"@type":"ListItem","position":2,"name":"Precios"}]},{"@type":"WebSite","@id":"https:\/\/www.biogenetics.cl\/standard\/#website","url":"https:\/\/www.biogenetics.cl\/standard\/","name":"BioGenetics","description":"BioGenetics","publisher":{"@id":"https:\/\/www.biogenetics.cl\/standard\/#organization"},"potentialAction":[{"@type":"SearchAction","target":{"@type":"EntryPoint","urlTemplate":"https:\/\/www.biogenetics.cl\/standard\/?s={search_term_string}"},"query-input":{"@type":"PropertyValueSpecification","valueRequired":true,"valueName":"search_term_string"}}],"inLanguage":"es"},{"@type":"Organization","@id":"https:\/\/www.biogenetics.cl\/standard\/#organization","name":"BioGenetics","url":"https:\/\/www.biogenetics.cl\/standard\/","logo":{"@type":"ImageObject","inLanguage":"es","@id":"https:\/\/www.biogenetics.cl\/standard\/#\/schema\/logo\/image\/","url":"https:\/\/www.biogenetics.cl\/standard\/wp-content\/uploads\/2024\/05\/logo-biogenetics.webp","contentUrl":"https:\/\/www.biogenetics.cl\/standard\/wp-content\/uploads\/2024\/05\/logo-biogenetics.webp","width":343,"height":67,"caption":"BioGenetics"},"image":{"@id":"https:\/\/www.biogenetics.cl\/standard\/#\/schema\/logo\/image\/"}}]}},"_links":{"self":[{"href":"https:\/\/www.biogenetics.cl\/standard\/wp-json\/wp\/v2\/pages\/4244","targetHints":{"allow":["GET"]}}],"collection":[{"href":"https:\/\/www.biogenetics.cl\/standard\/wp-json\/wp\/v2\/pages"}],"about":[{"href":"https:\/\/www.biogenetics.cl\/standard\/wp-json\/wp\/v2\/types\/page"}],"author":[{"embeddable":true,"href":"https:\/\/www.biogenetics.cl\/standard\/wp-json\/wp\/v2\/users\/1"}],"replies":[{"embeddable":true,"href":"https:\/\/www.biogenetics.cl\/standard\/wp-json\/wp\/v2\/comments?post=4244"}],"version-history":[{"count":9,"href":"https:\/\/www.biogenetics.cl\/standard\/wp-json\/wp\/v2\/pages\/4244\/revisions"}],"predecessor-version":[{"id":6693,"href":"https:\/\/www.biogenetics.cl\/standard\/wp-json\/wp\/v2\/pages\/4244\/revisions\/6693"}],"wp:attachment":[{"href":"https:\/\/www.biogenetics.cl\/standard\/wp-json\/wp\/v2\/media?parent=4244"}],"curies":[{"name":"wp","href":"https:\/\/api.w.org\/{rel}","templated":true}]}}