{"id":4227,"date":"2024-07-07T03:54:42","date_gmt":"2024-07-07T03:54:42","guid":{"rendered":"https:\/\/www.biogenetics.cl\/standard\/?page_id=4227"},"modified":"2025-12-19T17:04:09","modified_gmt":"2025-12-19T17:04:09","slug":"garantia-y-respaldo","status":"publish","type":"page","link":"https:\/\/www.biogenetics.cl\/standard\/garantia-y-respaldo.html","title":{"rendered":"Garant\u00eda y respaldo"},"content":{"rendered":"<div data-colibri-id=\"4227-c1\" class=\"style-2390 style-local-4227-c1 position-relative\">\r\n  <!---->\r\n  <div data-colibri-component=\"section\" data-colibri-id=\"4227-c2\" id=\"reusable-sections\" class=\"h-section h-section-global-spacing d-flex align-items-lg-center align-items-md-center align-items-center style-2460 style-local-4227-c2 position-relative\">\r\n    <!---->\r\n    <!---->\r\n    <div class=\"h-section-grid-container h-section-boxed-container\">\r\n      <!---->\r\n      <div data-colibri-id=\"4227-c3\" class=\"h-row-container gutters-row-lg-2 gutters-row-md-2 gutters-row-0 gutters-row-v-lg-2 gutters-row-v-md-2 gutters-row-v-2 style-2461 style-local-4227-c3 position-relative\">\r\n        <!---->\r\n        <div class=\"h-row justify-content-lg-center justify-content-md-center justify-content-center align-items-lg-stretch align-items-md-stretch align-items-stretch gutters-col-lg-2 gutters-col-md-2 gutters-col-0 gutters-col-v-lg-2 gutters-col-v-md-2 gutters-col-v-2\">\r\n          <!---->\r\n          <div class=\"h-column h-column-container d-flex h-col-lg-auto h-col-md-auto h-col-auto style-2462-outer style-local-4227-c4-outer\">\r\n            <div data-colibri-id=\"4227-c4\" class=\"d-flex h-flex-basis h-column__inner h-px-lg-2 h-px-md-2 h-px-2 v-inner-lg-2 v-inner-md-2 v-inner-2 style-2462 style-local-4227-c4 position-relative\">\r\n              <!---->\r\n              <!---->\r\n              <div class=\"w-100 h-y-container h-column__content h-column__v-align flex-basis-auto align-self-lg-start align-self-md-start align-self-start\">\r\n                <!---->\r\n                <div data-colibri-id=\"4227-c5\" class=\"h-icon style-2463 style-local-4227-c5 position-relative h-element\">\r\n                  <!----><span class=\"h-svg-icon h-icon__icon style-2463-icon style-local-4227-c5-icon\"><!--Icon by Ionicons (https:\/\/ionicons.com)--><svg version=\"1.1\" xmlns=\"http:\/\/www.w3.org\/2000\/svg\" xmlns:xlink=\"http:\/\/www.w3.org\/1999\/xlink\" id=\"erlenmeyer-flask-bubbles\" viewBox=\"0 0 384 512\"><path d=\"M382 427c2 4 3 10 0 14s-8 7-13 7H14c-5 0-9-3-12-7s-2-10 0-14l118-199V78c0-8 6-14 14-14s15 6 15 14v80c4-3 10-5 16-5 15 0 27 12 27 27s-12 26-27 26c-6 0-12-2-16-5v31c0 2-1 4-2 6l-35 59h72c-15-6-26-20-26-37 0-23 19-42 43-42 15 0 27 8 35 19-1-2-1-3-1-5V78c0-8 6-14 14-14s15 6 15 14v150zM218 297h53l-31-54c2 5 3 11 3 17 0 17-10 31-25 37zm-17-168c-12 0-22-9-22-21s10-21 22-21 22 9 22 21-10 21-22 21z\"><\/path><\/svg><\/span><\/div>\r\n              <\/div>\r\n            <\/div>\r\n          <\/div>\r\n          <div class=\"h-column h-column-container d-flex h-col-lg h-col-md h-col-auto style-2464-outer style-local-4227-c6-outer\">\r\n            <div data-colibri-id=\"4227-c6\" class=\"d-flex h-flex-basis h-column__inner h-px-lg-2 h-px-md-2 h-px-2 v-inner-lg-2 v-inner-md-2 v-inner-2 style-2464 style-local-4227-c6 position-relative\">\r\n              <!---->\r\n              <!---->\r\n              <div class=\"w-100 h-y-container h-column__content h-column__v-align flex-basis-100 align-self-lg-start align-self-md-start align-self-start\">\r\n                <!---->\r\n                <div data-colibri-id=\"4227-c7\" class=\"h-divider style-2466 style-local-4227-c7 position-relative h-element\">\r\n                  <!----><span class=\"h-divider__line style-2466-line style-local-4227-c7-line style-2466-line style-local-4227-c7-line\"><\/span><\/div>\r\n                <div data-colibri-id=\"4227-c8\" class=\"h-row-container gutters-row-lg-0 gutters-row-md-0 gutters-row-0 gutters-row-v-lg-0 gutters-row-v-md-0 gutters-row-v-0 style-2468 style-local-4227-c8 position-relative\">\r\n                  <!---->\r\n                  <div class=\"h-row justify-content-lg-center justify-content-md-center justify-content-center align-items-lg-stretch align-items-md-stretch align-items-stretch gutters-col-lg-0 gutters-col-md-0 gutters-col-0 gutters-col-v-lg-0 gutters-col-v-md-0 gutters-col-v-0\">\r\n                    <!---->\r\n                    <div class=\"h-column h-column-container d-flex h-col-lg-auto h-col-md-auto h-col-auto style-2469-outer style-local-4227-c9-outer\">\r\n                      <div data-colibri-id=\"4227-c9\" class=\"d-flex h-flex-basis h-column__inner h-px-lg-2 h-px-md-2 h-px-2 v-inner-lg-2 v-inner-md-2 v-inner-2 style-2469 style-local-4227-c9 position-relative\">\r\n                        <!---->\r\n                        <!---->\r\n                        <div class=\"w-100 h-y-container h-column__content h-column__v-align flex-basis-100 align-self-lg-start align-self-md-start align-self-start\">\r\n                          <!---->\r\n                          <div data-colibri-id=\"4227-c10\" class=\"h-text h-text-component style-2470 style-local-4227-c10 position-relative h-element\">\r\n                            <!---->\r\n                            <!---->\r\n                            <div class=\"\">\r\n                              <p>Laboratorio BioGenetics posee un equipo de trabajo con la mayor experiencia en pruebas de ADN existente en Chile quienes han analizado m\u00e1s de 50.000 casos en los \u00faltimos 35 a\u00f1os.<\/p>\r\n                              <p>Los servicios que ofrece Laboratorio BioGenetics poseen los m\u00e1s altos est\u00e1ndares y controles de calidad respaldado por la experiencia de nuestros profesionales, la tecnolog\u00eda utilizada y la utilizaci\u00f3n de protocolos estandarizados\r\n                                por&nbsp;<strong>sociedades internacionales de gen\u00e9tica forense<\/strong>.<\/p>\r\n                              <p>Laboratorio BioGenetics es el&nbsp;<strong>\u00fanico laboratorio<\/strong>&nbsp;&nbsp;privado de ADN en Chile que se encuentra <strong>habilitado en Chile para emitir informes de ex\u00e1menes de ADN de acuerdo a la ley de filiaci\u00f3n. (Ley 19.585)<\/strong><\/p>\r\n                              <p>Adem\u00e1s se encuentra acreditado por la SEREMI de Salud y cuenta con profesionales que pertenecen a la Sociedad Chilena de Gen\u00e9tica (SOCHIGEN) y a la International Society for Forensic Genetics (ISFG)&nbsp;<\/p>\r\n                              <p>Nuestro equipo de profesionales est\u00e1 liderado por Hugo Jorquera Gonz\u00e1lez, Gerente T\u00e9cnico de BioGenetics, quien es Tecn\u00f3logo M\u00e9dico de la Universidad de Chile y Mag\u00edster en Bioqu\u00edmica y Biolog\u00eda Molecular de la misma universidad.\r\n                                Posee instrucci\u00f3n en gen\u00e9tica forense obtenida en el&nbsp;<strong>Forensic Science Research and Training Center del FBI<\/strong>&nbsp;en Estados Unidos y pertenece a la&nbsp;<strong>Sociedad Chilena de Gen\u00e9tica<\/strong>&nbsp;y\r\n                                a la&nbsp;<strong>ISFG<\/strong>&nbsp;(International Society for Forensic Genetics).<\/p>\r\n                              <p>En su extenso curr\u00edculum destaca su participaci\u00f3n en las Comisiones de Constituci\u00f3n, Legislaci\u00f3n y Justicia del Senado de la Rep\u00fablica en la discusi\u00f3n de las leyes de Filiaci\u00f3n y de Bases de Datos Gen\u00e9ticos de Aplicaci\u00f3n\r\n                                Forense. Tambi\u00e9n posee numerosos trabajos cient\u00edficos en el \u00e1rea de la identificaci\u00f3n gen\u00e9tica publicados tanto en Chile como en el extranjero adem\u00e1s de ser coautor del libro \u201cBases de datos gen\u00e9ticos y su aplicaci\u00f3n criminal\u201d.\r\n                                Tambi\u00e9n fue fundador y ex Vicepresidente de la Academia Iberoamericana de Criminal\u00edstica y Estudios Forenses (AICEF) y del Grupo Iberoamericano de Trabajo en An\u00e1lisis de DNA (GITAD). Adem\u00e1s es perito acreditado por la Defensor\u00eda\r\n                                Penal P\u00fablica de Chile. <\/p>\r\n                            <\/div>\r\n                          <\/div>\r\n                        <\/div>\r\n                      <\/div>\r\n                    <\/div>\r\n                  <\/div>\r\n                <\/div>\r\n              <\/div>\r\n            <\/div>\r\n          <\/div>\r\n        <\/div>\r\n      <\/div>\r\n    <\/div>\r\n  <\/div>\r\n<\/div>","protected":false},"excerpt":{"rendered":"<p>Laboratorio BioGenetics posee un equipo de trabajo con la mayor experiencia en pruebas de ADN existente en Chile quienes han analizado m\u00e1s de 50.000 casos en los \u00faltimos 35 a\u00f1os. Los servicios que ofrece Laboratorio BioGenetics poseen los m\u00e1s altos est\u00e1ndares y controles de calidad respaldado por la experiencia de nuestros profesionales, la tecnolog\u00eda utilizada [&hellip;]<\/p>\n","protected":false},"author":1,"featured_media":0,"parent":0,"menu_order":0,"comment_status":"closed","ping_status":"closed","template":"page-templates\/full-width-page.php","meta":{"om_disable_all_campaigns":false,"_monsterinsights_skip_tracking":false,"_monsterinsights_sitenote_active":false,"_monsterinsights_sitenote_note":"","_monsterinsights_sitenote_category":0,"_uf_show_specific_survey":0,"_uf_disable_surveys":false,"footnotes":""},"class_list":["post-4227","page","type-page","status-publish","hentry"],"yoast_head":"<!-- This site is optimized with the Yoast SEO plugin v26.6 - https:\/\/yoast.com\/wordpress\/plugins\/seo\/ -->\n<title>Garant\u00eda &amp; Respaldo en Ex\u00e1menes de ADN | BioGenetics Chile<\/title>\n<meta name=\"description\" content=\"Obt\u00e9n garant\u00eda y respaldo en tu examen de ADN con BioGenetics, l\u00edderes en an\u00e1lisis gen\u00e9ticos. Protocolos de calidad, resultados fiables y atenci\u00f3n profesional en cada test de ADN.\" \/>\n<meta name=\"robots\" content=\"index, follow, max-snippet:-1, max-image-preview:large, max-video-preview:-1\" \/>\n<link rel=\"canonical\" href=\"https:\/\/www.biogenetics.cl\/standard\/garantia-y-respaldo.html\" \/>\n<meta property=\"og:locale\" content=\"es_ES\" \/>\n<meta property=\"og:type\" content=\"article\" \/>\n<meta property=\"og:title\" content=\"Garant\u00eda &amp; Respaldo en Ex\u00e1menes de ADN | BioGenetics Chile\" \/>\n<meta property=\"og:description\" content=\"Obt\u00e9n garant\u00eda y respaldo en tu examen de ADN con BioGenetics, l\u00edderes en an\u00e1lisis gen\u00e9ticos. Protocolos de calidad, resultados fiables y atenci\u00f3n profesional en cada test de ADN.\" \/>\n<meta property=\"og:url\" content=\"https:\/\/www.biogenetics.cl\/standard\/garantia-y-respaldo.html\" \/>\n<meta property=\"og:site_name\" content=\"BioGenetics\" \/>\n<meta property=\"article:modified_time\" content=\"2025-12-19T17:04:09+00:00\" \/>\n<meta name=\"twitter:card\" content=\"summary_large_image\" \/>\n<meta name=\"twitter:label1\" content=\"Tiempo de lectura\" \/>\n\t<meta name=\"twitter:data1\" content=\"2 minutos\" \/>\n<script type=\"application\/ld+json\" class=\"yoast-schema-graph\">{\"@context\":\"https:\/\/schema.org\",\"@graph\":[{\"@type\":\"WebPage\",\"@id\":\"https:\/\/www.biogenetics.cl\/standard\/garantia-y-respaldo.html\",\"url\":\"https:\/\/www.biogenetics.cl\/standard\/garantia-y-respaldo.html\",\"name\":\"Garant\u00eda & Respaldo en Ex\u00e1menes de ADN | BioGenetics Chile\",\"isPartOf\":{\"@id\":\"https:\/\/www.biogenetics.cl\/standard\/#website\"},\"datePublished\":\"2024-07-07T03:54:42+00:00\",\"dateModified\":\"2025-12-19T17:04:09+00:00\",\"description\":\"Obt\u00e9n garant\u00eda y respaldo en tu examen de ADN con BioGenetics, l\u00edderes en an\u00e1lisis gen\u00e9ticos. Protocolos de calidad, resultados fiables y atenci\u00f3n profesional en cada test de ADN.\",\"breadcrumb\":{\"@id\":\"https:\/\/www.biogenetics.cl\/standard\/garantia-y-respaldo.html#breadcrumb\"},\"inLanguage\":\"es\",\"potentialAction\":[{\"@type\":\"ReadAction\",\"target\":[\"https:\/\/www.biogenetics.cl\/standard\/garantia-y-respaldo.html\"]}]},{\"@type\":\"BreadcrumbList\",\"@id\":\"https:\/\/www.biogenetics.cl\/standard\/garantia-y-respaldo.html#breadcrumb\",\"itemListElement\":[{\"@type\":\"ListItem\",\"position\":1,\"name\":\"Portada\",\"item\":\"https:\/\/www.biogenetics.cl\/standard\/\"},{\"@type\":\"ListItem\",\"position\":2,\"name\":\"Garant\u00eda y respaldo\"}]},{\"@type\":\"WebSite\",\"@id\":\"https:\/\/www.biogenetics.cl\/standard\/#website\",\"url\":\"https:\/\/www.biogenetics.cl\/standard\/\",\"name\":\"BioGenetics\",\"description\":\"BioGenetics\",\"publisher\":{\"@id\":\"https:\/\/www.biogenetics.cl\/standard\/#organization\"},\"potentialAction\":[{\"@type\":\"SearchAction\",\"target\":{\"@type\":\"EntryPoint\",\"urlTemplate\":\"https:\/\/www.biogenetics.cl\/standard\/?s={search_term_string}\"},\"query-input\":{\"@type\":\"PropertyValueSpecification\",\"valueRequired\":true,\"valueName\":\"search_term_string\"}}],\"inLanguage\":\"es\"},{\"@type\":\"Organization\",\"@id\":\"https:\/\/www.biogenetics.cl\/standard\/#organization\",\"name\":\"BioGenetics\",\"url\":\"https:\/\/www.biogenetics.cl\/standard\/\",\"logo\":{\"@type\":\"ImageObject\",\"inLanguage\":\"es\",\"@id\":\"https:\/\/www.biogenetics.cl\/standard\/#\/schema\/logo\/image\/\",\"url\":\"https:\/\/www.biogenetics.cl\/standard\/wp-content\/uploads\/2024\/05\/logo-biogenetics.webp\",\"contentUrl\":\"https:\/\/www.biogenetics.cl\/standard\/wp-content\/uploads\/2024\/05\/logo-biogenetics.webp\",\"width\":343,\"height\":67,\"caption\":\"BioGenetics\"},\"image\":{\"@id\":\"https:\/\/www.biogenetics.cl\/standard\/#\/schema\/logo\/image\/\"}}]}<\/script>\n<!-- \/ Yoast SEO plugin. -->","yoast_head_json":{"title":"Garant\u00eda & Respaldo en Ex\u00e1menes de ADN | BioGenetics Chile","description":"Obt\u00e9n garant\u00eda y respaldo en tu examen de ADN con BioGenetics, l\u00edderes en an\u00e1lisis gen\u00e9ticos. Protocolos de calidad, resultados fiables y atenci\u00f3n profesional en cada test de ADN.","robots":{"index":"index","follow":"follow","max-snippet":"max-snippet:-1","max-image-preview":"max-image-preview:large","max-video-preview":"max-video-preview:-1"},"canonical":"https:\/\/www.biogenetics.cl\/standard\/garantia-y-respaldo.html","og_locale":"es_ES","og_type":"article","og_title":"Garant\u00eda & Respaldo en Ex\u00e1menes de ADN | BioGenetics Chile","og_description":"Obt\u00e9n garant\u00eda y respaldo en tu examen de ADN con BioGenetics, l\u00edderes en an\u00e1lisis gen\u00e9ticos. Protocolos de calidad, resultados fiables y atenci\u00f3n profesional en cada test de ADN.","og_url":"https:\/\/www.biogenetics.cl\/standard\/garantia-y-respaldo.html","og_site_name":"BioGenetics","article_modified_time":"2025-12-19T17:04:09+00:00","twitter_card":"summary_large_image","twitter_misc":{"Tiempo de lectura":"2 minutos"},"schema":{"@context":"https:\/\/schema.org","@graph":[{"@type":"WebPage","@id":"https:\/\/www.biogenetics.cl\/standard\/garantia-y-respaldo.html","url":"https:\/\/www.biogenetics.cl\/standard\/garantia-y-respaldo.html","name":"Garant\u00eda & Respaldo en Ex\u00e1menes de ADN | BioGenetics Chile","isPartOf":{"@id":"https:\/\/www.biogenetics.cl\/standard\/#website"},"datePublished":"2024-07-07T03:54:42+00:00","dateModified":"2025-12-19T17:04:09+00:00","description":"Obt\u00e9n garant\u00eda y respaldo en tu examen de ADN con BioGenetics, l\u00edderes en an\u00e1lisis gen\u00e9ticos. Protocolos de calidad, resultados fiables y atenci\u00f3n profesional en cada test de ADN.","breadcrumb":{"@id":"https:\/\/www.biogenetics.cl\/standard\/garantia-y-respaldo.html#breadcrumb"},"inLanguage":"es","potentialAction":[{"@type":"ReadAction","target":["https:\/\/www.biogenetics.cl\/standard\/garantia-y-respaldo.html"]}]},{"@type":"BreadcrumbList","@id":"https:\/\/www.biogenetics.cl\/standard\/garantia-y-respaldo.html#breadcrumb","itemListElement":[{"@type":"ListItem","position":1,"name":"Portada","item":"https:\/\/www.biogenetics.cl\/standard\/"},{"@type":"ListItem","position":2,"name":"Garant\u00eda y respaldo"}]},{"@type":"WebSite","@id":"https:\/\/www.biogenetics.cl\/standard\/#website","url":"https:\/\/www.biogenetics.cl\/standard\/","name":"BioGenetics","description":"BioGenetics","publisher":{"@id":"https:\/\/www.biogenetics.cl\/standard\/#organization"},"potentialAction":[{"@type":"SearchAction","target":{"@type":"EntryPoint","urlTemplate":"https:\/\/www.biogenetics.cl\/standard\/?s={search_term_string}"},"query-input":{"@type":"PropertyValueSpecification","valueRequired":true,"valueName":"search_term_string"}}],"inLanguage":"es"},{"@type":"Organization","@id":"https:\/\/www.biogenetics.cl\/standard\/#organization","name":"BioGenetics","url":"https:\/\/www.biogenetics.cl\/standard\/","logo":{"@type":"ImageObject","inLanguage":"es","@id":"https:\/\/www.biogenetics.cl\/standard\/#\/schema\/logo\/image\/","url":"https:\/\/www.biogenetics.cl\/standard\/wp-content\/uploads\/2024\/05\/logo-biogenetics.webp","contentUrl":"https:\/\/www.biogenetics.cl\/standard\/wp-content\/uploads\/2024\/05\/logo-biogenetics.webp","width":343,"height":67,"caption":"BioGenetics"},"image":{"@id":"https:\/\/www.biogenetics.cl\/standard\/#\/schema\/logo\/image\/"}}]}},"_links":{"self":[{"href":"https:\/\/www.biogenetics.cl\/standard\/wp-json\/wp\/v2\/pages\/4227","targetHints":{"allow":["GET"]}}],"collection":[{"href":"https:\/\/www.biogenetics.cl\/standard\/wp-json\/wp\/v2\/pages"}],"about":[{"href":"https:\/\/www.biogenetics.cl\/standard\/wp-json\/wp\/v2\/types\/page"}],"author":[{"embeddable":true,"href":"https:\/\/www.biogenetics.cl\/standard\/wp-json\/wp\/v2\/users\/1"}],"replies":[{"embeddable":true,"href":"https:\/\/www.biogenetics.cl\/standard\/wp-json\/wp\/v2\/comments?post=4227"}],"version-history":[{"count":4,"href":"https:\/\/www.biogenetics.cl\/standard\/wp-json\/wp\/v2\/pages\/4227\/revisions"}],"predecessor-version":[{"id":6250,"href":"https:\/\/www.biogenetics.cl\/standard\/wp-json\/wp\/v2\/pages\/4227\/revisions\/6250"}],"wp:attachment":[{"href":"https:\/\/www.biogenetics.cl\/standard\/wp-json\/wp\/v2\/media?parent=4227"}],"curies":[{"name":"wp","href":"https:\/\/api.w.org\/{rel}","templated":true}]}}