{"id":3617,"date":"2024-05-20T21:17:56","date_gmt":"2024-05-20T21:17:56","guid":{"rendered":"https:\/\/www.biogenetics.cl\/standard\/?page_id=3617"},"modified":"2024-10-11T04:23:21","modified_gmt":"2024-10-11T04:23:21","slug":"informacion-y-datos-de-interes","status":"publish","type":"page","link":"https:\/\/www.biogenetics.cl\/standard\/informacion-y-datos-de-interes.html","title":{"rendered":"Informaci\u00f3n y datos de inter\u00e9s"},"content":{"rendered":"<div data-colibri-id=\"3617-c1\" class=\"style-2069 style-local-3617-c1 position-relative\">\n  <!---->\n  <div data-colibri-component=\"section\" data-colibri-id=\"3617-c2\" id=\"reusable-sections\" class=\"h-section h-section-global-spacing d-flex align-items-lg-center align-items-md-center align-items-center style-2070 style-local-3617-c2 position-relative\">\n    <!---->\n    <!---->\n    <div class=\"h-section-grid-container h-section-boxed-container\">\n      <!---->\n      <div data-colibri-id=\"3617-c3\" class=\"h-row-container gutters-row-lg-2 gutters-row-md-2 gutters-row-0 gutters-row-v-lg-2 gutters-row-v-md-2 gutters-row-v-2 style-2071 style-local-3617-c3 position-relative\">\n        <!---->\n        <div class=\"h-row justify-content-lg-center justify-content-md-center justify-content-center align-items-lg-stretch align-items-md-stretch align-items-stretch gutters-col-lg-2 gutters-col-md-2 gutters-col-0 gutters-col-v-lg-2 gutters-col-v-md-2 gutters-col-v-2\">\n          <!---->\n          <div class=\"h-column h-column-container d-flex h-col-lg-auto h-col-md-auto h-col-auto style-2072-outer style-local-3617-c4-outer\">\n            <div data-colibri-id=\"3617-c4\" class=\"d-flex h-flex-basis h-column__inner h-px-lg-2 h-px-md-2 h-px-2 v-inner-lg-2 v-inner-md-2 v-inner-2 style-2072 style-local-3617-c4 position-relative\">\n              <!---->\n              <!---->\n              <div class=\"w-100 h-y-container h-column__content h-column__v-align flex-basis-auto align-self-lg-start align-self-md-start align-self-start\">\n                <!---->\n                <div data-colibri-id=\"3617-c5\" class=\"h-icon style-2073 style-local-3617-c5 position-relative h-element\">\n                  <!----><span class=\"h-svg-icon h-icon__icon style-2073-icon style-local-3617-c5-icon\"><!--Icon by Ionicons (https:\/\/ionicons.com)--><svg version=\"1.1\" xmlns=\"http:\/\/www.w3.org\/2000\/svg\" xmlns:xlink=\"http:\/\/www.w3.org\/1999\/xlink\" id=\"erlenmeyer-flask-bubbles\" viewBox=\"0 0 384 512\"><path d=\"M382 427c2 4 3 10 0 14s-8 7-13 7H14c-5 0-9-3-12-7s-2-10 0-14l118-199V78c0-8 6-14 14-14s15 6 15 14v80c4-3 10-5 16-5 15 0 27 12 27 27s-12 26-27 26c-6 0-12-2-16-5v31c0 2-1 4-2 6l-35 59h72c-15-6-26-20-26-37 0-23 19-42 43-42 15 0 27 8 35 19-1-2-1-3-1-5V78c0-8 6-14 14-14s15 6 15 14v150zM218 297h53l-31-54c2 5 3 11 3 17 0 17-10 31-25 37zm-17-168c-12 0-22-9-22-21s10-21 22-21 22 9 22 21-10 21-22 21z\"><\/path><\/svg><\/span><\/div>\n              <\/div>\n            <\/div>\n          <\/div>\n          <div class=\"h-column h-column-container d-flex h-col-lg h-col-md h-col-auto style-2074-outer style-local-3617-c6-outer\">\n            <div data-colibri-id=\"3617-c6\" class=\"d-flex h-flex-basis h-column__inner h-px-lg-2 h-px-md-2 h-px-2 v-inner-lg-2 v-inner-md-2 v-inner-2 style-2074 style-local-3617-c6 position-relative\">\n              <!---->\n              <!---->\n              <div class=\"w-100 h-y-container h-column__content h-column__v-align flex-basis-100 align-self-lg-start align-self-md-start align-self-start\">\n                <!---->\n                <div data-colibri-id=\"3617-c7\" class=\"h-divider style-2076 style-local-3617-c7 position-relative h-element\">\n                  <!----><span class=\"h-divider__line style-2076-line style-local-3617-c7-line style-2076-line style-local-3617-c7-line\"><\/span><\/div>\n                <div data-colibri-id=\"3617-c8\" class=\"h-global-transition-all h-heading style-2308 style-local-3617-c8 position-relative h-element\">\n                  <!---->\n                  <div class=\"h-heading__outer style-2308 style-local-3617-c8\">\n                    <!---->\n                    <!---->\n                    <h4 class=\"\">No es necesario una Orden M\u00e9dica para realizar pruebas de paternidad<\/h4>\n                  <\/div>\n                <\/div>\n                <div data-colibri-id=\"3617-c9\" class=\"h-text h-text-component style-2309 style-local-3617-c9 position-relative h-element\">\n                  <!---->\n                  <!---->\n                  <div class=\"\">\n                    <p>Si usted necesita realizar pruebas de paternidad en un laboratorio de ADN es totalmente innecesario contar con una orden m\u00e9dica. Para su informaci\u00f3n las pruebas de paternidad son peritajes de identificaci\u00f3n humana y en ning\u00fan caso\n                      corresponden a ex\u00e1menes m\u00e9dicos. Evite pagar costos extras.<\/p>\n                    <p>\n                      <br>\n                    <\/p>\n                  <\/div>\n                <\/div>\n                <div data-colibri-id=\"3617-c10\" class=\"h-global-transition-all h-heading style-2310 style-local-3617-c10 position-relative h-element\">\n                  <!---->\n                  <div class=\"h-heading__outer style-2310 style-local-3617-c10\">\n                    <!---->\n                    <!---->\n                    <h4 class=\"\">BioGenetics aclara el cambio de beb\u00e9s ocurrido en cl\u00ednica privada de La Calera<\/h4>\n                  <\/div>\n                <\/div>\n                <div data-colibri-id=\"3617-c11\" class=\"h-text h-text-component style-2311 style-local-3617-c11 position-relative h-element\">\n                  <!---->\n                  <!---->\n                  <div class=\"\">\n                    <p>En un plazo de 24 horas qued\u00f3 aclarada esta dram\u00e1tica situaci\u00f3n. Para ver m\u00e1s pinche AQU\u00cd.<\/p>\n                    <p>\n                      <br>\n                    <\/p>\n                  <\/div>\n                <\/div>\n                <div data-colibri-id=\"3617-c12\" class=\"h-global-transition-all h-heading style-2312 style-local-3617-c12 position-relative h-element\">\n                  <!---->\n                  <div class=\"h-heading__outer style-2312 style-local-3617-c12\">\n                    <!---->\n                    <!---->\n                    <h4 class=\"\">BioGenetics ofrece hasta 2 veces m\u00e1s marcadores gen\u00e9ticos para resolver casos complejos.<\/h4>\n                  <\/div>\n                <\/div>\n                <div data-colibri-id=\"3617-c13\" class=\"h-text h-text-component style-2313 style-local-3617-c13 position-relative h-element\">\n                  <!---->\n                  <!---->\n                  <div class=\"\">\n                    <p>BioGenetics en el a\u00f1o 2009 se convirti\u00f3 en el primer laboratorio privado de ADN en Chile capaz de analizar hasta 36 marcadores gen\u00e9ticos en los peritajes de ADN para paternidad de alta complejidad. Los laboratorios de ADN (incluido\n                      BioGenetics) generalmente analizan 16 marcadores gen\u00e9ticos, y excepcionalmente pudiesen llegar a 20, con lo cual es suficiente como para entregar resultados concluyentes. Sin embargo, existen casos muy espec\u00edficos y de alta complejidad\n                      donde se hace necesario ampliar el espectro de marcadores a analizar. En BioGenetics los casos complejos en que se sugiere utilizar la mayor cantidad posible de marcadores gen\u00e9ticos son los siguientes: i) cuando existe sospecha que\n                      el padre biol\u00f3gico puede ser un pariente cercano, por ejemplo un hermano; ii) reconstrucci\u00f3n gen\u00e9tica en ausencia del padre presunto; iii) casos de incesto.<\/p>\n                    <p>\n                      <br>\n                    <\/p>\n                  <\/div>\n                <\/div>\n                <div data-colibri-id=\"3617-c14\" class=\"h-global-transition-all h-heading style-2314 style-local-3617-c14 position-relative h-element\">\n                  <!---->\n                  <div class=\"h-heading__outer style-2314 style-local-3617-c14\">\n                    <!---->\n                    <!---->\n                    <h4 class=\"\">Precios, tipos de muestras<\/h4>\n                  <\/div>\n                <\/div>\n                <div data-colibri-id=\"3617-c15\" class=\"h-text h-text-component style-2315 style-local-3617-c15 position-relative h-element\">\n                  <!---->\n                  <!---->\n                  <div class=\"\">\n                    <p>Se debe tener claridad respecto de los distintos tipos de muestras que se analizan para las pruebas de ADN y los precios asociados a cada una de ellas. Para su conocimiento, las pruebas de ADN m\u00e1s econ\u00f3micas son aquellas en que se\n                      utilizan muestras bucales (saliva) o sangre. Asimismo, en BioGenetics tambi\u00e9n se analizan otro tipo de muestras, sin embargo, los precios asociados son m\u00e1s elevados. Para saber m\u00e1s sobre estas muestras pinche&nbsp;&nbsp;\n                      <a href=\"https:\/\/www.biogenetics.cl\/standard\/tipos_de_muestras.html\"\n                        style=\"color: rgb(51, 122, 183); font-size: 1em; font-weight: 700; font-family: Montserrat;\"><strong><em>aqu\u00ed<\/em><\/strong><\/a>.<\/p>\n                    <p>\n                      <br>\n                    <\/p>\n                  <\/div>\n                <\/div>\n                <div data-colibri-id=\"3617-c16\" class=\"h-global-transition-all h-heading style-2314 style-local-3617-c16 position-relative h-element\">\n                  <!---->\n                  <div class=\"h-heading__outer style-2314 style-local-3617-c16\">\n                    <!---->\n                    <!---->\n                    <h4 class=\"\">Llega a Chile el Test de ADN anti infidelidad<\/h4>\n                  <\/div>\n                <\/div>\n                <div data-colibri-id=\"3617-c17\" class=\"h-text h-text-component style-2315 style-local-3617-c17 position-relative h-element\">\n                  <!---->\n                  <!---->\n                  <div class=\"\">\n                    <p>Basta guardar alguna ropa u objeto que haya podido ser protagonista del romance clandestino para determinar si en \u00e9stos hay ADN de alguien que no sea usted o su pareja. Si quiere escuchar de que se trata ingrese AQU\u00cd.<\/p>\n                    <p>\n                      <br>\n                    <\/p>\n                  <\/div>\n                <\/div>\n                <div data-colibri-id=\"3617-c18\" class=\"h-global-transition-all h-heading style-2314 style-local-3617-c18 position-relative h-element\">\n                  <!---->\n                  <div class=\"h-heading__outer style-2314 style-local-3617-c18\">\n                    <!---->\n                    <!---->\n                    <h4 class=\"\">ADN Mitocondrial: primer laboratorio privado de ADN en Chile<\/h4>\n                  <\/div>\n                <\/div>\n                <div data-colibri-id=\"3617-c19\" class=\"h-text h-text-component style-2315 style-local-3617-c19 position-relative h-element\">\n                  <!---->\n                  <!---->\n                  <div class=\"\">\n                    <p>BioGenetics es el primer laboratorio privado de ADN en Chile que desde el a\u00f1o 2010 ofrece a sus clientes los an\u00e1lisis de ADN mitocondrial. Dichos an\u00e1lisis se efect\u00faan conjuntamente con la prestigiosa empresa Warnex en Canad\u00e1, laboratorio\n                      l\u00edder en esta materia en norteam\u00e9rica.<\/p>\n                    <p>\n                      <br>\n                    <\/p>\n                  <\/div>\n                <\/div>\n                <div data-colibri-id=\"3617-c20\" class=\"h-global-transition-all h-heading style-2314 style-local-3617-c20 position-relative h-element\">\n                  <!---->\n                  <div class=\"h-heading__outer style-2314 style-local-3617-c20\">\n                    <!---->\n                    <!---->\n                    <h4 class=\"\">Casos de la vida real resueltos a trav\u00e9s de los peritajes de ADN<\/h4>\n                  <\/div>\n                <\/div>\n                <div data-colibri-id=\"3617-c21\" class=\"h-text h-text-component style-2315 style-local-3617-c21 position-relative h-element\">\n                  <!---->\n                  <!---->\n                  <div class=\"\">\n                    <p>\u201cEstos son tres relatos que reflejan c\u00f3mo esta prueba puede llegar a cambiar la vida.\u201d (Fuente: La Tercera) Si quiere leer el art\u00edculo completo pinche AQU\u00cd.\n                      <br>\n                    <\/p>\n                  <\/div>\n                <\/div>\n              <\/div>\n            <\/div>\n          <\/div>\n        <\/div>\n      <\/div>\n    <\/div>\n  <\/div>\n<\/div>","protected":false},"excerpt":{"rendered":"<p>No es necesario una Orden M\u00e9dica para realizar pruebas de paternidad Si usted necesita realizar pruebas de paternidad en un laboratorio de ADN es totalmente innecesario contar con una orden m\u00e9dica. Para su informaci\u00f3n las pruebas de paternidad son peritajes de identificaci\u00f3n humana y en ning\u00fan caso corresponden a ex\u00e1menes m\u00e9dicos. Evite pagar costos extras. [&hellip;]<\/p>\n","protected":false},"author":1,"featured_media":0,"parent":0,"menu_order":0,"comment_status":"closed","ping_status":"closed","template":"page-templates\/full-width-page.php","meta":{"om_disable_all_campaigns":false,"_monsterinsights_skip_tracking":false,"_monsterinsights_sitenote_active":false,"_monsterinsights_sitenote_note":"","_monsterinsights_sitenote_category":0,"_uf_show_specific_survey":0,"_uf_disable_surveys":false,"footnotes":""},"class_list":["post-3617","page","type-page","status-publish","hentry"],"yoast_head":"<!-- This site is optimized with the Yoast SEO plugin v26.6 - https:\/\/yoast.com\/wordpress\/plugins\/seo\/ -->\n<title>Informaci\u00f3n y datos de inter\u00e9s - BioGenetics<\/title>\n<meta name=\"robots\" content=\"index, follow, max-snippet:-1, max-image-preview:large, max-video-preview:-1\" \/>\n<link rel=\"canonical\" href=\"https:\/\/www.biogenetics.cl\/standard\/informacion-y-datos-de-interes.html\" \/>\n<meta property=\"og:locale\" content=\"es_ES\" \/>\n<meta property=\"og:type\" content=\"article\" \/>\n<meta property=\"og:title\" content=\"Informaci\u00f3n y datos de inter\u00e9s - BioGenetics\" \/>\n<meta property=\"og:description\" content=\"No es necesario una Orden M\u00e9dica para realizar pruebas de paternidad Si usted necesita realizar pruebas de paternidad en un laboratorio de ADN es totalmente innecesario contar con una orden m\u00e9dica. Para su informaci\u00f3n las pruebas de paternidad son peritajes de identificaci\u00f3n humana y en ning\u00fan caso corresponden a ex\u00e1menes m\u00e9dicos. Evite pagar costos extras. [&hellip;]\" \/>\n<meta property=\"og:url\" content=\"https:\/\/www.biogenetics.cl\/standard\/informacion-y-datos-de-interes.html\" \/>\n<meta property=\"og:site_name\" content=\"BioGenetics\" \/>\n<meta property=\"article:modified_time\" content=\"2024-10-11T04:23:21+00:00\" \/>\n<meta name=\"twitter:card\" content=\"summary_large_image\" \/>\n<meta name=\"twitter:label1\" content=\"Tiempo de lectura\" \/>\n\t<meta name=\"twitter:data1\" content=\"2 minutos\" \/>\n<script type=\"application\/ld+json\" class=\"yoast-schema-graph\">{\"@context\":\"https:\/\/schema.org\",\"@graph\":[{\"@type\":\"WebPage\",\"@id\":\"https:\/\/www.biogenetics.cl\/standard\/informacion-y-datos-de-interes.html\",\"url\":\"https:\/\/www.biogenetics.cl\/standard\/informacion-y-datos-de-interes.html\",\"name\":\"Informaci\u00f3n y datos de inter\u00e9s - BioGenetics\",\"isPartOf\":{\"@id\":\"https:\/\/www.biogenetics.cl\/standard\/#website\"},\"datePublished\":\"2024-05-20T21:17:56+00:00\",\"dateModified\":\"2024-10-11T04:23:21+00:00\",\"breadcrumb\":{\"@id\":\"https:\/\/www.biogenetics.cl\/standard\/informacion-y-datos-de-interes.html#breadcrumb\"},\"inLanguage\":\"es\",\"potentialAction\":[{\"@type\":\"ReadAction\",\"target\":[\"https:\/\/www.biogenetics.cl\/standard\/informacion-y-datos-de-interes.html\"]}]},{\"@type\":\"BreadcrumbList\",\"@id\":\"https:\/\/www.biogenetics.cl\/standard\/informacion-y-datos-de-interes.html#breadcrumb\",\"itemListElement\":[{\"@type\":\"ListItem\",\"position\":1,\"name\":\"Portada\",\"item\":\"https:\/\/www.biogenetics.cl\/standard\/\"},{\"@type\":\"ListItem\",\"position\":2,\"name\":\"Informaci\u00f3n y datos de inter\u00e9s\"}]},{\"@type\":\"WebSite\",\"@id\":\"https:\/\/www.biogenetics.cl\/standard\/#website\",\"url\":\"https:\/\/www.biogenetics.cl\/standard\/\",\"name\":\"BioGenetics\",\"description\":\"BioGenetics\",\"publisher\":{\"@id\":\"https:\/\/www.biogenetics.cl\/standard\/#organization\"},\"potentialAction\":[{\"@type\":\"SearchAction\",\"target\":{\"@type\":\"EntryPoint\",\"urlTemplate\":\"https:\/\/www.biogenetics.cl\/standard\/?s={search_term_string}\"},\"query-input\":{\"@type\":\"PropertyValueSpecification\",\"valueRequired\":true,\"valueName\":\"search_term_string\"}}],\"inLanguage\":\"es\"},{\"@type\":\"Organization\",\"@id\":\"https:\/\/www.biogenetics.cl\/standard\/#organization\",\"name\":\"BioGenetics\",\"url\":\"https:\/\/www.biogenetics.cl\/standard\/\",\"logo\":{\"@type\":\"ImageObject\",\"inLanguage\":\"es\",\"@id\":\"https:\/\/www.biogenetics.cl\/standard\/#\/schema\/logo\/image\/\",\"url\":\"https:\/\/www.biogenetics.cl\/standard\/wp-content\/uploads\/2024\/05\/logo-biogenetics.webp\",\"contentUrl\":\"https:\/\/www.biogenetics.cl\/standard\/wp-content\/uploads\/2024\/05\/logo-biogenetics.webp\",\"width\":343,\"height\":67,\"caption\":\"BioGenetics\"},\"image\":{\"@id\":\"https:\/\/www.biogenetics.cl\/standard\/#\/schema\/logo\/image\/\"}}]}<\/script>\n<!-- \/ Yoast SEO plugin. -->","yoast_head_json":{"title":"Informaci\u00f3n y datos de inter\u00e9s - BioGenetics","robots":{"index":"index","follow":"follow","max-snippet":"max-snippet:-1","max-image-preview":"max-image-preview:large","max-video-preview":"max-video-preview:-1"},"canonical":"https:\/\/www.biogenetics.cl\/standard\/informacion-y-datos-de-interes.html","og_locale":"es_ES","og_type":"article","og_title":"Informaci\u00f3n y datos de inter\u00e9s - BioGenetics","og_description":"No es necesario una Orden M\u00e9dica para realizar pruebas de paternidad Si usted necesita realizar pruebas de paternidad en un laboratorio de ADN es totalmente innecesario contar con una orden m\u00e9dica. Para su informaci\u00f3n las pruebas de paternidad son peritajes de identificaci\u00f3n humana y en ning\u00fan caso corresponden a ex\u00e1menes m\u00e9dicos. Evite pagar costos extras. [&hellip;]","og_url":"https:\/\/www.biogenetics.cl\/standard\/informacion-y-datos-de-interes.html","og_site_name":"BioGenetics","article_modified_time":"2024-10-11T04:23:21+00:00","twitter_card":"summary_large_image","twitter_misc":{"Tiempo de lectura":"2 minutos"},"schema":{"@context":"https:\/\/schema.org","@graph":[{"@type":"WebPage","@id":"https:\/\/www.biogenetics.cl\/standard\/informacion-y-datos-de-interes.html","url":"https:\/\/www.biogenetics.cl\/standard\/informacion-y-datos-de-interes.html","name":"Informaci\u00f3n y datos de inter\u00e9s - BioGenetics","isPartOf":{"@id":"https:\/\/www.biogenetics.cl\/standard\/#website"},"datePublished":"2024-05-20T21:17:56+00:00","dateModified":"2024-10-11T04:23:21+00:00","breadcrumb":{"@id":"https:\/\/www.biogenetics.cl\/standard\/informacion-y-datos-de-interes.html#breadcrumb"},"inLanguage":"es","potentialAction":[{"@type":"ReadAction","target":["https:\/\/www.biogenetics.cl\/standard\/informacion-y-datos-de-interes.html"]}]},{"@type":"BreadcrumbList","@id":"https:\/\/www.biogenetics.cl\/standard\/informacion-y-datos-de-interes.html#breadcrumb","itemListElement":[{"@type":"ListItem","position":1,"name":"Portada","item":"https:\/\/www.biogenetics.cl\/standard\/"},{"@type":"ListItem","position":2,"name":"Informaci\u00f3n y datos de inter\u00e9s"}]},{"@type":"WebSite","@id":"https:\/\/www.biogenetics.cl\/standard\/#website","url":"https:\/\/www.biogenetics.cl\/standard\/","name":"BioGenetics","description":"BioGenetics","publisher":{"@id":"https:\/\/www.biogenetics.cl\/standard\/#organization"},"potentialAction":[{"@type":"SearchAction","target":{"@type":"EntryPoint","urlTemplate":"https:\/\/www.biogenetics.cl\/standard\/?s={search_term_string}"},"query-input":{"@type":"PropertyValueSpecification","valueRequired":true,"valueName":"search_term_string"}}],"inLanguage":"es"},{"@type":"Organization","@id":"https:\/\/www.biogenetics.cl\/standard\/#organization","name":"BioGenetics","url":"https:\/\/www.biogenetics.cl\/standard\/","logo":{"@type":"ImageObject","inLanguage":"es","@id":"https:\/\/www.biogenetics.cl\/standard\/#\/schema\/logo\/image\/","url":"https:\/\/www.biogenetics.cl\/standard\/wp-content\/uploads\/2024\/05\/logo-biogenetics.webp","contentUrl":"https:\/\/www.biogenetics.cl\/standard\/wp-content\/uploads\/2024\/05\/logo-biogenetics.webp","width":343,"height":67,"caption":"BioGenetics"},"image":{"@id":"https:\/\/www.biogenetics.cl\/standard\/#\/schema\/logo\/image\/"}}]}},"_links":{"self":[{"href":"https:\/\/www.biogenetics.cl\/standard\/wp-json\/wp\/v2\/pages\/3617","targetHints":{"allow":["GET"]}}],"collection":[{"href":"https:\/\/www.biogenetics.cl\/standard\/wp-json\/wp\/v2\/pages"}],"about":[{"href":"https:\/\/www.biogenetics.cl\/standard\/wp-json\/wp\/v2\/types\/page"}],"author":[{"embeddable":true,"href":"https:\/\/www.biogenetics.cl\/standard\/wp-json\/wp\/v2\/users\/1"}],"replies":[{"embeddable":true,"href":"https:\/\/www.biogenetics.cl\/standard\/wp-json\/wp\/v2\/comments?post=3617"}],"version-history":[{"count":6,"href":"https:\/\/www.biogenetics.cl\/standard\/wp-json\/wp\/v2\/pages\/3617\/revisions"}],"predecessor-version":[{"id":5029,"href":"https:\/\/www.biogenetics.cl\/standard\/wp-json\/wp\/v2\/pages\/3617\/revisions\/5029"}],"wp:attachment":[{"href":"https:\/\/www.biogenetics.cl\/standard\/wp-json\/wp\/v2\/media?parent=3617"}],"curies":[{"name":"wp","href":"https:\/\/api.w.org\/{rel}","templated":true}]}}