{"id":3583,"date":"2024-05-20T20:58:00","date_gmt":"2024-05-20T20:58:00","guid":{"rendered":"https:\/\/www.biogenetics.cl\/standard\/?page_id=3583"},"modified":"2025-03-19T13:45:35","modified_gmt":"2025-03-19T13:45:35","slug":"tipos-de-muestras","status":"publish","type":"page","link":"https:\/\/www.biogenetics.cl\/standard\/tipos-de-muestras.html","title":{"rendered":"Muestras utilizadas"},"content":{"rendered":"<div data-colibri-id=\"3583-c1\" class=\"style-1996 style-local-3583-c1 position-relative\">\r\n  <!---->\r\n  <div data-colibri-component=\"section\" data-colibri-id=\"3583-c2\" id=\"reusable-sections\" class=\"h-section h-section-global-spacing d-flex align-items-lg-center align-items-md-center align-items-center style-1997 style-local-3583-c2 position-relative\">\r\n    <!---->\r\n    <!---->\r\n    <div class=\"h-section-grid-container h-section-boxed-container\">\r\n      <!---->\r\n      <div data-colibri-id=\"3583-c3\" class=\"h-row-container gutters-row-lg-2 gutters-row-md-2 gutters-row-0 gutters-row-v-lg-2 gutters-row-v-md-2 gutters-row-v-2 style-1998 style-local-3583-c3 position-relative\">\r\n        <!---->\r\n        <div class=\"h-row justify-content-lg-center justify-content-md-center justify-content-center align-items-lg-stretch align-items-md-stretch align-items-stretch gutters-col-lg-2 gutters-col-md-2 gutters-col-0 gutters-col-v-lg-2 gutters-col-v-md-2 gutters-col-v-2\">\r\n          <!---->\r\n          <div class=\"h-column h-column-container d-flex h-col-lg-auto h-col-md-auto h-col-auto style-1999-outer style-local-3583-c4-outer\">\r\n            <div data-colibri-id=\"3583-c4\" class=\"d-flex h-flex-basis h-column__inner h-px-lg-2 h-px-md-2 h-px-2 v-inner-lg-2 v-inner-md-2 v-inner-2 style-1999 style-local-3583-c4 position-relative\">\r\n              <!---->\r\n              <!---->\r\n              <div class=\"w-100 h-y-container h-column__content h-column__v-align flex-basis-auto align-self-lg-start align-self-md-start align-self-start\">\r\n                <!---->\r\n                <div data-colibri-id=\"3583-c5\" class=\"h-icon style-2000 style-local-3583-c5 position-relative h-element\">\r\n                  <!----><span class=\"h-svg-icon h-icon__icon style-2000-icon style-local-3583-c5-icon\"><!--Icon by Ionicons (https:\/\/ionicons.com)--><svg version=\"1.1\" xmlns=\"http:\/\/www.w3.org\/2000\/svg\" xmlns:xlink=\"http:\/\/www.w3.org\/1999\/xlink\" id=\"erlenmeyer-flask-bubbles\" viewBox=\"0 0 384 512\"><path d=\"M382 427c2 4 3 10 0 14s-8 7-13 7H14c-5 0-9-3-12-7s-2-10 0-14l118-199V78c0-8 6-14 14-14s15 6 15 14v80c4-3 10-5 16-5 15 0 27 12 27 27s-12 26-27 26c-6 0-12-2-16-5v31c0 2-1 4-2 6l-35 59h72c-15-6-26-20-26-37 0-23 19-42 43-42 15 0 27 8 35 19-1-2-1-3-1-5V78c0-8 6-14 14-14s15 6 15 14v150zM218 297h53l-31-54c2 5 3 11 3 17 0 17-10 31-25 37zm-17-168c-12 0-22-9-22-21s10-21 22-21 22 9 22 21-10 21-22 21z\"><\/path><\/svg><\/span><\/div>\r\n              <\/div>\r\n            <\/div>\r\n          <\/div>\r\n          <div class=\"h-column h-column-container d-flex h-col-lg h-col-md h-col-auto style-2001-outer style-local-3583-c6-outer\">\r\n            <div data-colibri-id=\"3583-c6\" class=\"d-flex h-flex-basis h-column__inner h-px-lg-2 h-px-md-2 h-px-2 v-inner-lg-2 v-inner-md-2 v-inner-2 style-2001 style-local-3583-c6 position-relative\">\r\n              <!---->\r\n              <!---->\r\n              <div class=\"w-100 h-y-container h-column__content h-column__v-align flex-basis-100 align-self-lg-start align-self-md-start align-self-start\">\r\n                <!---->\r\n                <div data-colibri-id=\"3583-c7\" class=\"h-global-transition-all h-heading style-2002 style-local-3583-c7 position-relative h-element\">\r\n                  <!---->\r\n                  <div class=\"h-heading__outer style-2002 style-local-3583-c7\">\r\n                    <!---->\r\n                    <!---->\r\n                    <h2 class=\"\">Tipos de Muestras<\/h2>\r\n                  <\/div>\r\n                <\/div>\r\n                <div data-colibri-id=\"3583-c8\" class=\"h-divider style-2003 style-local-3583-c8 position-relative h-element\">\r\n                  <!----><span class=\"h-divider__line style-2003-line style-local-3583-c8-line style-2003-line style-local-3583-c8-line\"><\/span><\/div>\r\n                <div data-colibri-id=\"3583-c9\" class=\"h-row-container gutters-row-lg-0 gutters-row-md-0 gutters-row-0 gutters-row-v-lg-0 gutters-row-v-md-0 gutters-row-v-0 style-2005 style-local-3583-c9 position-relative\">\r\n                  <!---->\r\n                  <div class=\"h-row justify-content-lg-center justify-content-md-center justify-content-center align-items-lg-stretch align-items-md-stretch align-items-stretch gutters-col-lg-0 gutters-col-md-0 gutters-col-0 gutters-col-v-lg-0 gutters-col-v-md-0 gutters-col-v-0\">\r\n                    <!---->\r\n                    <div class=\"h-column h-column-container d-flex h-col-lg-auto h-col-md-auto h-col-auto style-2006-outer style-local-3583-c10-outer\">\r\n                      <div data-colibri-id=\"3583-c10\" class=\"d-flex h-flex-basis h-column__inner h-px-lg-2 h-px-md-2 h-px-2 v-inner-lg-2 v-inner-md-2 v-inner-2 style-2006 style-local-3583-c10 position-relative\">\r\n                        <!---->\r\n                        <!---->\r\n                        <div class=\"w-100 h-y-container h-column__content h-column__v-align flex-basis-100 align-self-lg-start align-self-md-start align-self-start\">\r\n                          <!---->\r\n                          <div data-colibri-id=\"3583-c11\" class=\"h-text h-text-component style-2007 style-local-3583-c11 position-relative h-element\">\r\n                            <!---->\r\n                            <!---->\r\n                            <div class=\"\">\r\n                              <p>\r\n                                <br>Las muestras que tradicionalmente se utilizan para realizar los estudios de identificaci\u00f3n por ADN corresponden a muestras bucales o bien&nbsp;<span style=\"color: rgb(0, 104, 174);\">muestras de sangre<\/span>&nbsp;(muestras\r\n                                tradicionales).<\/p>\r\n                              <p>No obstante, muchas veces y por diversas razones, no es posible disponer de ellas por lo que es necesario utilizar otro tipo de muestras denominadas muestras no tradicionales. Las m\u00e1s utilizadas son:&nbsp;<span style=\"color: rgb(0, 104, 174);\">pelos con ra\u00edz, u\u00f1as, chicles, cepillos de dientes, colillas de cigarro, bombillas, pa\u00f1uelos con mucosidades, chupetes, preservativos, papel higi\u00e9nico, toallas higi\u00e9nicas, cord\u00f3n umbilical, semen, l\u00edquido amni\u00f3tico, biopsias, restos \u00f3seos, sobres de carta u otros restos org\u00e1nicos presentes en todo tipo de prendas u objetos. <\/span><\/p>\r\n                              <p><span style=\"color: rgb(64, 64, 64); font-weight: 300; font-size: 16px; font-family: Montserrat;\">BioGenetics ofrece la posibilidad de obtener las muestras mediante las siguientes alternativa:<\/span><\/p>\r\n                            <\/div>\r\n                          <\/div>\r\n                        <\/div>\r\n                      <\/div>\r\n                    <\/div>\r\n                  <\/div>\r\n                <\/div>\r\n                <div data-colibri-id=\"3583-c12\" class=\"h-text h-text-component style-2012 style-local-3583-c12 position-relative h-element\">\r\n                  <!---->\r\n                  <!---->\r\n                  <div class=\"\">\r\n                    <ul>\r\n                      <li>En el laboratorio de BioGenetics<\/li>\r\n                      <li>En todos los laboratorios asociados en todo Chile<\/li>\r\n                      <li>En su casa SIN necesidad de usar un&nbsp;<span style=\"color: rgb(0, 104, 174);\">KIT.<\/span><\/li>\r\n                      <li>En su casa por medio de un KIT&nbsp;<span style=\"color: rgb(0, 104, 174);\">(es gratuito)<\/span><\/li>\r\n                    <\/ul>\r\n                  <\/div>\r\n                <\/div>\r\n              <\/div>\r\n            <\/div>\r\n          <\/div>\r\n        <\/div>\r\n      <\/div>\r\n    <\/div>\r\n  <\/div>\r\n<\/div>","protected":false},"excerpt":{"rendered":"<p>Tipos de Muestras Las muestras que tradicionalmente se utilizan para realizar los estudios de identificaci\u00f3n por ADN corresponden a muestras bucales o bien&nbsp;muestras de sangre&nbsp;(muestras tradicionales). No obstante, muchas veces y por diversas razones, no es posible disponer de ellas por lo que es necesario utilizar otro tipo de muestras denominadas muestras no tradicionales. Las [&hellip;]<\/p>\n","protected":false},"author":1,"featured_media":0,"parent":0,"menu_order":0,"comment_status":"closed","ping_status":"closed","template":"page-templates\/full-width-page.php","meta":{"om_disable_all_campaigns":false,"_monsterinsights_skip_tracking":false,"_monsterinsights_sitenote_active":false,"_monsterinsights_sitenote_note":"","_monsterinsights_sitenote_category":0,"_uf_show_specific_survey":0,"_uf_disable_surveys":false,"footnotes":""},"class_list":["post-3583","page","type-page","status-publish","hentry"],"yoast_head":"<!-- This site is optimized with the Yoast SEO plugin v26.6 - https:\/\/yoast.com\/wordpress\/plugins\/seo\/ -->\n<title>Muestras utilizadas - BioGenetics<\/title>\n<meta name=\"robots\" content=\"index, follow, max-snippet:-1, max-image-preview:large, max-video-preview:-1\" \/>\n<link rel=\"canonical\" href=\"https:\/\/www.biogenetics.cl\/standard\/tipos-de-muestras.html\" \/>\n<meta property=\"og:locale\" content=\"es_ES\" \/>\n<meta property=\"og:type\" content=\"article\" \/>\n<meta property=\"og:title\" content=\"Muestras utilizadas - BioGenetics\" \/>\n<meta property=\"og:description\" content=\"Tipos de Muestras Las muestras que tradicionalmente se utilizan para realizar los estudios de identificaci\u00f3n por ADN corresponden a muestras bucales o bien&nbsp;muestras de sangre&nbsp;(muestras tradicionales). No obstante, muchas veces y por diversas razones, no es posible disponer de ellas por lo que es necesario utilizar otro tipo de muestras denominadas muestras no tradicionales. Las [&hellip;]\" \/>\n<meta property=\"og:url\" content=\"https:\/\/www.biogenetics.cl\/standard\/tipos-de-muestras.html\" \/>\n<meta property=\"og:site_name\" content=\"BioGenetics\" \/>\n<meta property=\"article:modified_time\" content=\"2025-03-19T13:45:35+00:00\" \/>\n<meta name=\"twitter:card\" content=\"summary_large_image\" \/>\n<meta name=\"twitter:label1\" content=\"Tiempo de lectura\" \/>\n\t<meta name=\"twitter:data1\" content=\"1 minuto\" \/>\n<script type=\"application\/ld+json\" class=\"yoast-schema-graph\">{\"@context\":\"https:\/\/schema.org\",\"@graph\":[{\"@type\":\"WebPage\",\"@id\":\"https:\/\/www.biogenetics.cl\/standard\/tipos-de-muestras.html\",\"url\":\"https:\/\/www.biogenetics.cl\/standard\/tipos-de-muestras.html\",\"name\":\"Muestras utilizadas - BioGenetics\",\"isPartOf\":{\"@id\":\"https:\/\/www.biogenetics.cl\/standard\/#website\"},\"datePublished\":\"2024-05-20T20:58:00+00:00\",\"dateModified\":\"2025-03-19T13:45:35+00:00\",\"breadcrumb\":{\"@id\":\"https:\/\/www.biogenetics.cl\/standard\/tipos-de-muestras.html#breadcrumb\"},\"inLanguage\":\"es\",\"potentialAction\":[{\"@type\":\"ReadAction\",\"target\":[\"https:\/\/www.biogenetics.cl\/standard\/tipos-de-muestras.html\"]}]},{\"@type\":\"BreadcrumbList\",\"@id\":\"https:\/\/www.biogenetics.cl\/standard\/tipos-de-muestras.html#breadcrumb\",\"itemListElement\":[{\"@type\":\"ListItem\",\"position\":1,\"name\":\"Portada\",\"item\":\"https:\/\/www.biogenetics.cl\/standard\/\"},{\"@type\":\"ListItem\",\"position\":2,\"name\":\"Muestras utilizadas\"}]},{\"@type\":\"WebSite\",\"@id\":\"https:\/\/www.biogenetics.cl\/standard\/#website\",\"url\":\"https:\/\/www.biogenetics.cl\/standard\/\",\"name\":\"BioGenetics\",\"description\":\"BioGenetics\",\"publisher\":{\"@id\":\"https:\/\/www.biogenetics.cl\/standard\/#organization\"},\"potentialAction\":[{\"@type\":\"SearchAction\",\"target\":{\"@type\":\"EntryPoint\",\"urlTemplate\":\"https:\/\/www.biogenetics.cl\/standard\/?s={search_term_string}\"},\"query-input\":{\"@type\":\"PropertyValueSpecification\",\"valueRequired\":true,\"valueName\":\"search_term_string\"}}],\"inLanguage\":\"es\"},{\"@type\":\"Organization\",\"@id\":\"https:\/\/www.biogenetics.cl\/standard\/#organization\",\"name\":\"BioGenetics\",\"url\":\"https:\/\/www.biogenetics.cl\/standard\/\",\"logo\":{\"@type\":\"ImageObject\",\"inLanguage\":\"es\",\"@id\":\"https:\/\/www.biogenetics.cl\/standard\/#\/schema\/logo\/image\/\",\"url\":\"https:\/\/www.biogenetics.cl\/standard\/wp-content\/uploads\/2024\/05\/logo-biogenetics.webp\",\"contentUrl\":\"https:\/\/www.biogenetics.cl\/standard\/wp-content\/uploads\/2024\/05\/logo-biogenetics.webp\",\"width\":343,\"height\":67,\"caption\":\"BioGenetics\"},\"image\":{\"@id\":\"https:\/\/www.biogenetics.cl\/standard\/#\/schema\/logo\/image\/\"}}]}<\/script>\n<!-- \/ Yoast SEO plugin. -->","yoast_head_json":{"title":"Muestras utilizadas - BioGenetics","robots":{"index":"index","follow":"follow","max-snippet":"max-snippet:-1","max-image-preview":"max-image-preview:large","max-video-preview":"max-video-preview:-1"},"canonical":"https:\/\/www.biogenetics.cl\/standard\/tipos-de-muestras.html","og_locale":"es_ES","og_type":"article","og_title":"Muestras utilizadas - BioGenetics","og_description":"Tipos de Muestras Las muestras que tradicionalmente se utilizan para realizar los estudios de identificaci\u00f3n por ADN corresponden a muestras bucales o bien&nbsp;muestras de sangre&nbsp;(muestras tradicionales). No obstante, muchas veces y por diversas razones, no es posible disponer de ellas por lo que es necesario utilizar otro tipo de muestras denominadas muestras no tradicionales. Las [&hellip;]","og_url":"https:\/\/www.biogenetics.cl\/standard\/tipos-de-muestras.html","og_site_name":"BioGenetics","article_modified_time":"2025-03-19T13:45:35+00:00","twitter_card":"summary_large_image","twitter_misc":{"Tiempo de lectura":"1 minuto"},"schema":{"@context":"https:\/\/schema.org","@graph":[{"@type":"WebPage","@id":"https:\/\/www.biogenetics.cl\/standard\/tipos-de-muestras.html","url":"https:\/\/www.biogenetics.cl\/standard\/tipos-de-muestras.html","name":"Muestras utilizadas - BioGenetics","isPartOf":{"@id":"https:\/\/www.biogenetics.cl\/standard\/#website"},"datePublished":"2024-05-20T20:58:00+00:00","dateModified":"2025-03-19T13:45:35+00:00","breadcrumb":{"@id":"https:\/\/www.biogenetics.cl\/standard\/tipos-de-muestras.html#breadcrumb"},"inLanguage":"es","potentialAction":[{"@type":"ReadAction","target":["https:\/\/www.biogenetics.cl\/standard\/tipos-de-muestras.html"]}]},{"@type":"BreadcrumbList","@id":"https:\/\/www.biogenetics.cl\/standard\/tipos-de-muestras.html#breadcrumb","itemListElement":[{"@type":"ListItem","position":1,"name":"Portada","item":"https:\/\/www.biogenetics.cl\/standard\/"},{"@type":"ListItem","position":2,"name":"Muestras utilizadas"}]},{"@type":"WebSite","@id":"https:\/\/www.biogenetics.cl\/standard\/#website","url":"https:\/\/www.biogenetics.cl\/standard\/","name":"BioGenetics","description":"BioGenetics","publisher":{"@id":"https:\/\/www.biogenetics.cl\/standard\/#organization"},"potentialAction":[{"@type":"SearchAction","target":{"@type":"EntryPoint","urlTemplate":"https:\/\/www.biogenetics.cl\/standard\/?s={search_term_string}"},"query-input":{"@type":"PropertyValueSpecification","valueRequired":true,"valueName":"search_term_string"}}],"inLanguage":"es"},{"@type":"Organization","@id":"https:\/\/www.biogenetics.cl\/standard\/#organization","name":"BioGenetics","url":"https:\/\/www.biogenetics.cl\/standard\/","logo":{"@type":"ImageObject","inLanguage":"es","@id":"https:\/\/www.biogenetics.cl\/standard\/#\/schema\/logo\/image\/","url":"https:\/\/www.biogenetics.cl\/standard\/wp-content\/uploads\/2024\/05\/logo-biogenetics.webp","contentUrl":"https:\/\/www.biogenetics.cl\/standard\/wp-content\/uploads\/2024\/05\/logo-biogenetics.webp","width":343,"height":67,"caption":"BioGenetics"},"image":{"@id":"https:\/\/www.biogenetics.cl\/standard\/#\/schema\/logo\/image\/"}}]}},"_links":{"self":[{"href":"https:\/\/www.biogenetics.cl\/standard\/wp-json\/wp\/v2\/pages\/3583","targetHints":{"allow":["GET"]}}],"collection":[{"href":"https:\/\/www.biogenetics.cl\/standard\/wp-json\/wp\/v2\/pages"}],"about":[{"href":"https:\/\/www.biogenetics.cl\/standard\/wp-json\/wp\/v2\/types\/page"}],"author":[{"embeddable":true,"href":"https:\/\/www.biogenetics.cl\/standard\/wp-json\/wp\/v2\/users\/1"}],"replies":[{"embeddable":true,"href":"https:\/\/www.biogenetics.cl\/standard\/wp-json\/wp\/v2\/comments?post=3583"}],"version-history":[{"count":7,"href":"https:\/\/www.biogenetics.cl\/standard\/wp-json\/wp\/v2\/pages\/3583\/revisions"}],"predecessor-version":[{"id":6306,"href":"https:\/\/www.biogenetics.cl\/standard\/wp-json\/wp\/v2\/pages\/3583\/revisions\/6306"}],"wp:attachment":[{"href":"https:\/\/www.biogenetics.cl\/standard\/wp-json\/wp\/v2\/media?parent=3583"}],"curies":[{"name":"wp","href":"https:\/\/api.w.org\/{rel}","templated":true}]}}